{"id":2776,"date":"2020-06-02T14:05:53","date_gmt":"2020-06-02T11:05:53","guid":{"rendered":"http:\/\/tanferklinik.com\/en\/?page_id=2776"},"modified":"2023-01-09T16:33:46","modified_gmt":"2023-01-09T13:33:46","slug":"tooth-extraction","status":"publish","type":"page","link":"https:\/\/tanferklinik.com\/en\/tooth-extraction","title":{"rendered":"Tooth Extraction"},"content":{"rendered":"<div data-elementor-type=\"wp-post\" data-elementor-id=\"2776\" class=\"elementor elementor-2776\" data-elementor-settings=\"[]\">\n\t\t\t<div class=\"elementor-inner\">\n\t\t\t\t<div class=\"elementor-section-wrap\">\n\t\t\t\t\t\t\t<section class=\"elementor-element elementor-element-209b035b elementor-section-boxed elementor-section-height-default elementor-section-height-default elementor-section elementor-top-section\" data-id=\"209b035b\" data-element_type=\"section\" data-settings=\"{&quot;background_background&quot;:&quot;classic&quot;}\">\n\t\t\t\t\t\t<div class=\"elementor-container elementor-column-gap-default\">\n\t\t\t\t<div class=\"elementor-row\">\n\t\t\t\t<div class=\"elementor-element elementor-element-115c96a elementor-column elementor-col-50 elementor-top-column\" data-id=\"115c96a\" data-element_type=\"column\">\n\t\t\t<div class=\"elementor-column-wrap  elementor-element-populated\">\n\t\t\t\t\t<div class=\"elementor-widget-wrap\">\n\t\t\t\t<section class=\"elementor-element elementor-element-70083761 elementor-section-boxed elementor-section-height-default elementor-section-height-default elementor-section elementor-inner-section\" data-id=\"70083761\" data-element_type=\"section\" data-settings=\"{&quot;background_background&quot;:&quot;classic&quot;}\">\n\t\t\t\t\t\t<div class=\"elementor-container elementor-column-gap-no\">\n\t\t\t\t<div class=\"elementor-row\">\n\t\t\t\t<div class=\"elementor-element elementor-element-339120c4 elementor-column elementor-col-100 elementor-inner-column\" data-id=\"339120c4\" data-element_type=\"column\">\n\t\t\t<div class=\"elementor-column-wrap  elementor-element-populated\">\n\t\t\t\t\t<div class=\"elementor-widget-wrap\">\n\t\t\t\t<div class=\"elementor-element elementor-element-12008f82 arrow_position-inside grid_gap-0 elementor-widget elementor-widget-gt3-core-teamcarousel\" data-id=\"12008f82\" data-element_type=\"widget\" data-widget_type=\"gt3-core-teamcarousel.default\">\n\t\t\t\t<div class=\"elementor-widget-container\">\n\t\t\t\t<div data-settings=\"{&quot;fade&quot;:false,&quot;autoplay&quot;:false,&quot;items_per_line&quot;:1,&quot;autoplaySpeed&quot;:4000,&quot;dots&quot;:false,&quot;arrows&quot;:true,&quot;centerMode&quot;:false,&quot;l10n&quot;:{&quot;prev&quot;:&quot;Prev&quot;,&quot;next&quot;:&quot;Next&quot;}}\" class=\"module_team type2\">\n\t\t<div class=\"shortcode_team\">\n\t\t\t<div class=\"items1\">\n\t\t\t\t\t\t\t\t<ul class=\"item_list gt3_clear\">\n\t\t\t\t\t<li class=\"item-team-member\"><div class=\"item_wrapper\"><div class=\"item\"><div class=\"team_img featured_img\"><img decoding=\"async\" src=\"https:\/\/tanferklinik.com\/en\/wp-content\/uploads\/2020\/04\/dr-nihat-tanfer1-1600x1600.jpg\" srcset=\"https:\/\/tanferklinik.com\/en\/wp-content\/uploads\/2020\/04\/dr-nihat-tanfer1-1920x1920.jpg 1920w,  https:\/\/tanferklinik.com\/en\/wp-content\/uploads\/2020\/04\/dr-nihat-tanfer1-1600x1600.jpg 1600w,  https:\/\/tanferklinik.com\/en\/wp-content\/uploads\/2020\/04\/dr-nihat-tanfer1-1200x1200.jpg 1200w,  https:\/\/tanferklinik.com\/en\/wp-content\/uploads\/2020\/04\/dr-nihat-tanfer1-992x992.jpg 992w,  https:\/\/tanferklinik.com\/en\/wp-content\/uploads\/2020\/04\/dr-nihat-tanfer1-768x768.jpg 768w,  https:\/\/tanferklinik.com\/en\/wp-content\/uploads\/2020\/04\/dr-nihat-tanfer1-600x600.jpg 600w, https:\/\/tanferklinik.com\/en\/wp-content\/uploads\/2020\/04\/dr-nihat-tanfer1-420x420.jpg 420w\" sizes=\"(min-width: 1600px) 1920px, (min-width: 1200px) 1600px, (min-width: 992px) 1200px, (min-width: 768px) 992px, (min-width: 600px) 768px, (min-width: 420px) 600px, (max-width: 600px) 420px\" title=\"dr-nihat-tanfer1\" alt=\"dr-nihat-tanfer1\" \/><\/div><div class=\"team-infobox\"><div class=\"team_title\"><div class=\"team_title_wrapper\"><h3 class=\"team_title__text\">Dr. Nihat Tanfer<\/h3><\/div><\/div><\/div><div class=\"team_item_hover\"><div class=\"team_title\"><div class=\"team_title_wrapper\"><h3 class=\"team_title__text\">Dr. Nihat Tanfer<\/h3><\/div><\/div><\/div><\/div><\/div><\/li><li class=\"item-team-member dis-hekimi\"><div class=\"item_wrapper\"><div class=\"item\"><div class=\"team_img featured_img\"><img decoding=\"async\" src=\"https:\/\/tanferklinik.com\/en\/wp-content\/uploads\/2020\/04\/dr-cemile-yavuz-erdemir1-1600x1600.jpg\" srcset=\"https:\/\/tanferklinik.com\/en\/wp-content\/uploads\/2020\/04\/dr-cemile-yavuz-erdemir1-1920x1920.jpg 1920w,  https:\/\/tanferklinik.com\/en\/wp-content\/uploads\/2020\/04\/dr-cemile-yavuz-erdemir1-1600x1600.jpg 1600w,  https:\/\/tanferklinik.com\/en\/wp-content\/uploads\/2020\/04\/dr-cemile-yavuz-erdemir1-1200x1200.jpg 1200w,  https:\/\/tanferklinik.com\/en\/wp-content\/uploads\/2020\/04\/dr-cemile-yavuz-erdemir1-992x992.jpg 992w,  https:\/\/tanferklinik.com\/en\/wp-content\/uploads\/2020\/04\/dr-cemile-yavuz-erdemir1-768x768.jpg 768w,  https:\/\/tanferklinik.com\/en\/wp-content\/uploads\/2020\/04\/dr-cemile-yavuz-erdemir1-600x600.jpg 600w, https:\/\/tanferklinik.com\/en\/wp-content\/uploads\/2020\/04\/dr-cemile-yavuz-erdemir1-420x420.jpg 420w\" sizes=\"(min-width: 1600px) 1920px, (min-width: 1200px) 1600px, (min-width: 992px) 1200px, (min-width: 768px) 992px, (min-width: 600px) 768px, (min-width: 420px) 600px, (max-width: 600px) 420px\" title=\"dr-cemile-yavuz-erdemir1\" alt=\"dr-cemile-yavuz-erdemir1\" \/><\/div><div class=\"team-infobox\"><div class=\"team_title\"><div class=\"team_title_wrapper\"><h3 class=\"team_title__text\">Dt. Cemile Y. ERDEM\u0130R<\/h3><\/div><\/div><\/div><div class=\"team_item_hover\"><div class=\"team_title\"><div class=\"team_title_wrapper\"><h3 class=\"team_title__text\">Dt. Cemile Y. ERDEM\u0130R<\/h3><\/div><\/div><\/div><\/div><\/div><\/li><li class=\"item-team-member dis-hekimi\"><div class=\"item_wrapper\"><div class=\"item\"><div class=\"team_img featured_img\"><img decoding=\"async\" src=\"https:\/\/tanferklinik.com\/en\/wp-content\/uploads\/2020\/06\/dt-zeynep-yilmaz-1-1600x1600.jpg\" srcset=\"https:\/\/tanferklinik.com\/en\/wp-content\/uploads\/2020\/06\/dt-zeynep-yilmaz-1-1920x1920.jpg 1920w,  https:\/\/tanferklinik.com\/en\/wp-content\/uploads\/2020\/06\/dt-zeynep-yilmaz-1-1600x1600.jpg 1600w,  https:\/\/tanferklinik.com\/en\/wp-content\/uploads\/2020\/06\/dt-zeynep-yilmaz-1-1200x1200.jpg 1200w,  https:\/\/tanferklinik.com\/en\/wp-content\/uploads\/2020\/06\/dt-zeynep-yilmaz-1-992x992.jpg 992w,  https:\/\/tanferklinik.com\/en\/wp-content\/uploads\/2020\/06\/dt-zeynep-yilmaz-1-768x768.jpg 768w,  https:\/\/tanferklinik.com\/en\/wp-content\/uploads\/2020\/06\/dt-zeynep-yilmaz-1-600x600.jpg 600w, https:\/\/tanferklinik.com\/en\/wp-content\/uploads\/2020\/06\/dt-zeynep-yilmaz-1-420x420.jpg 420w\" sizes=\"(min-width: 1600px) 1920px, (min-width: 1200px) 1600px, (min-width: 992px) 1200px, (min-width: 768px) 992px, (min-width: 600px) 768px, (min-width: 420px) 600px, (max-width: 600px) 420px\" title=\"dt-zeynep-yilmaz-1\" alt=\"dt-zeynep-yilmaz-1\" \/><\/div><div class=\"team-infobox\"><div class=\"team_title\"><div class=\"team_title_wrapper\"><h3 class=\"team_title__text\">Dt. Zeynep Y\u0131lmaz<\/h3><\/div><\/div><\/div><div class=\"team_item_hover\"><div class=\"team_title\"><div class=\"team_title_wrapper\"><h3 class=\"team_title__text\">Dt. Zeynep Y\u0131lmaz<\/h3><\/div><\/div><\/div><\/div><\/div><\/li>\t\t\t\t<\/ul>\n\t\t\t\t<div class=\"clear\"><\/div>\n\t\t\t<\/div>\n\t\t<\/div>\n\t<\/div>\n\t\t<\/div>\n\t\t\t\t<\/div>\n\t\t\t\t\t\t<\/div>\n\t\t\t<\/div>\n\t\t<\/div>\n\t\t\t\t\t\t<\/div>\n\t\t\t<\/div>\n\t\t<\/section>\n\t\t\t\t<section class=\"elementor-element elementor-element-54dbb93 elementor-section-boxed elementor-section-height-default elementor-section-height-default elementor-section elementor-inner-section\" data-id=\"54dbb93\" data-element_type=\"section\" data-settings=\"{&quot;background_background&quot;:&quot;classic&quot;}\">\n\t\t\t\t\t\t<div class=\"elementor-container elementor-column-gap-no\">\n\t\t\t\t<div class=\"elementor-row\">\n\t\t\t\t<div class=\"elementor-element elementor-element-3d5dfdc elementor-column elementor-col-100 elementor-inner-column\" data-id=\"3d5dfdc\" data-element_type=\"column\">\n\t\t\t<div class=\"elementor-column-wrap  elementor-element-populated\">\n\t\t\t\t\t<div class=\"elementor-widget-wrap\">\n\t\t\t\t<div class=\"elementor-element-custom_font_size elementor-element-custom_font_weight elementor-element-custom_color elementor-element elementor-element-6884ea0 elementor-widget elementor-widget-text-editor\" data-id=\"6884ea0\" data-element_type=\"widget\" data-widget_type=\"text-editor.default\">\n\t\t\t\t<div class=\"elementor-widget-container\">\n\t\t\t\t\t<div class=\"elementor-text-editor elementor-clearfix\"><h2>Get \u0131nformat\u0131on Now<\/h2><\/div>\n\t\t\t\t<\/div>\n\t\t\t\t<\/div>\n\t\t\t\t<div class=\"elementor-element elementor-element-ac59c3f elementor-widget elementor-widget-shortcode\" data-id=\"ac59c3f\" data-element_type=\"widget\" data-widget_type=\"shortcode.default\">\n\t\t\t\t<div class=\"elementor-widget-container\">\n\t\t\t\t\t<div class=\"elementor-shortcode\">\n<div class=\"wpcf7 no-js\" id=\"wpcf7-f5-o1\" lang=\"tr-TR\" dir=\"ltr\">\n<div class=\"screen-reader-response\"><p role=\"status\" aria-live=\"polite\" aria-atomic=\"true\"><\/p> <ul><\/ul><\/div>\n<form action=\"\/en\/wp-json\/wp\/v2\/pages\/2776#wpcf7-f5-o1\" method=\"post\" class=\"wpcf7-form init\" aria-label=\"Contact form\" novalidate=\"novalidate\" data-status=\"init\">\n<div style=\"display: none;\">\n<input type=\"hidden\" name=\"_wpcf7\" value=\"5\" \/>\n<input type=\"hidden\" name=\"_wpcf7_version\" value=\"5.7.3\" \/>\n<input type=\"hidden\" name=\"_wpcf7_locale\" value=\"tr_TR\" \/>\n<input type=\"hidden\" name=\"_wpcf7_unit_tag\" value=\"wpcf7-f5-o1\" \/>\n<input type=\"hidden\" name=\"_wpcf7_container_post\" value=\"0\" \/>\n<input type=\"hidden\" name=\"_wpcf7_posted_data_hash\" value=\"\" \/>\n<\/div>\n<p><label> Name<br \/>\n<span class=\"wpcf7-form-control-wrap\" data-name=\"adi\"><input size=\"40\" class=\"wpcf7-form-control wpcf7-text wpcf7-validates-as-required\" aria-required=\"true\" aria-invalid=\"false\" value=\"\" type=\"text\" name=\"adi\" \/><\/span> <\/label>\n<\/p>\n<p><label> Mail<br \/>\n<span class=\"wpcf7-form-control-wrap\" data-name=\"mail\"><input size=\"40\" class=\"wpcf7-form-control wpcf7-text wpcf7-email wpcf7-validates-as-required wpcf7-validates-as-email\" aria-required=\"true\" aria-invalid=\"false\" value=\"\" type=\"email\" name=\"mail\" \/><\/span> <\/label>\n<\/p>\n<p><label> Telephone<br \/>\n<span class=\"wpcf7-form-control-wrap\" data-name=\"phone\"><input size=\"40\" class=\"wpcf7-form-control wpcf7-text wpcf7-validates-as-required\" aria-required=\"true\" aria-invalid=\"false\" value=\"\" type=\"text\" name=\"phone\" \/><\/span> <\/label>\n<\/p>\n<p><label> Subject<br \/>\n<span class=\"wpcf7-form-control-wrap\" data-name=\"konu\"><input size=\"40\" class=\"wpcf7-form-control wpcf7-text\" aria-invalid=\"false\" value=\"\" type=\"text\" name=\"konu\" \/><\/span> <\/label>\n<\/p>\n<p><label> Your Message<br \/>\n<span class=\"wpcf7-form-control-wrap\" data-name=\"mesaj\"><textarea cols=\"40\" rows=\"10\" class=\"wpcf7-form-control wpcf7-textarea\" aria-invalid=\"false\" name=\"mesaj\"><\/textarea><\/span> <\/label>\n<\/p>\n<p><input class=\"wpcf7-form-control has-spinner wpcf7-submit\" type=\"submit\" value=\"Send\" \/>\n<\/p><div class=\"wpcf7-response-output\" aria-hidden=\"true\"><\/div>\n<\/form>\n<\/div>\n<\/div>\n\t\t\t\t<\/div>\n\t\t\t\t<\/div>\n\t\t\t\t\t\t<\/div>\n\t\t\t<\/div>\n\t\t<\/div>\n\t\t\t\t\t\t<\/div>\n\t\t\t<\/div>\n\t\t<\/section>\n\t\t\t\t<section class=\"elementor-element elementor-element-3dec33eb elementor-hidden-tablet elementor-hidden-phone elementor-section-boxed elementor-section-height-default elementor-section-height-default elementor-section elementor-inner-section\" data-id=\"3dec33eb\" data-element_type=\"section\" data-settings=\"{&quot;background_background&quot;:&quot;classic&quot;}\">\n\t\t\t\t\t\t<div class=\"elementor-container elementor-column-gap-no\">\n\t\t\t\t<div class=\"elementor-row\">\n\t\t\t\t<div class=\"elementor-element elementor-element-19a504eb elementor-column elementor-col-100 elementor-inner-column\" data-id=\"19a504eb\" data-element_type=\"column\">\n\t\t\t<div class=\"elementor-column-wrap  elementor-element-populated\">\n\t\t\t\t\t<div class=\"elementor-widget-wrap\">\n\t\t\t\t<div class=\"elementor-element elementor-element-1c685456 elementor-widget elementor-widget-sidebar\" data-id=\"1c685456\" data-element_type=\"widget\" data-widget_type=\"sidebar.default\">\n\t\t\t\t<div class=\"elementor-widget-container\">\n\t\t\t<div id=\"text-5\" class=\"widget gt3_widget open widget_text\">\t\t\t<div class=\"textwidget\"><h2 style=\"color: #244292; font-size: 23px; margin-top: 15px; margin-bottom: 15px;\">SERVICES<\/h2>\n<p><a style=\"color: #fff; line-height: 31px; font-weight: 600; letter-spacing: 1.7px;\" href=\"https:\/\/tanferklinik.com\/en\/sinus-lifting\">SINUS LIFTING<\/a><br \/>\n<a style=\"color: #fff; line-height: 31px; font-size: 13px; font-weight: 600; letter-spacing: 1.7px;\" href=\"https:\/\/tanferklinik.com\/en\/fixed-crown-and-bridge\">FIXED CROWN AND BRIDGE<\/a><br \/>\n<a style=\"color: #fff; line-height: 31px; font-size: 13px; font-weight: 600; letter-spacing: 1.7px;\" href=\"https:\/\/tanferklinik.com\/en\/bone-grafting\">BONE GRAFTING<\/a><br \/>\n<a style=\"color: #fff; line-height: 31px; font-size: 13px; font-weight: 600; letter-spacing: 1.7px;\" href=\"https:\/\/tanferklinik.com\/en\/root-canal-treatment\">ROOT CANAL TREATMENT<\/a><br \/>\n<a style=\"color: #fff; line-height: 31px; font-size: 13px; font-weight: 600; letter-spacing: 1.7px;\" href=\"https:\/\/tanferklinik.com\/en\/what-are-movable-full-dentures\">WHAT ARE MOVABLE FULL DENTURES?<\/a><br \/>\n<a style=\"color: #fff; line-height: 31px; font-size: 13px; font-weight: 600; letter-spacing: 1.7px;\" href=\"https:\/\/tanferklinik.com\/en\/impacted-tooth\">IMPACTED TOOTH<\/a><br \/>\n<a style=\"color: #fff; line-height: 31px; font-size: 13px; font-weight: 600; letter-spacing: 1.7px;\" href=\"https:\/\/tanferklinik.com\/en\/conservative-dentistry\">CONSERVATIVE DENTISTRY<\/a><br \/>\n<a style=\"color: #fff; line-height: 31px; font-size: 13px; font-weight: 600; letter-spacing: 1.7px;\" href=\"https:\/\/tanferklinik.com\/en\/orthodontics\">ORTHODONTICS<\/a><br \/>\n<a style=\"color: #fff; line-height: 31px; font-size: 13px; font-weight: 600; letter-spacing: 1.7px;\" href=\"https:\/\/tanferklinik.com\/en\/tartar\">TARTAR<\/a><br \/>\n<a style=\"color: #fff; line-height: 31px; font-size: 13px; font-weight: 600; letter-spacing: 1.7px;\" href=\"https:\/\/tanferklinik.com\/en\/dental-aesthetics\">DENTAL AESTHETICS<\/a><br \/>\n<a style=\"color: #fff; line-height: 31px; font-size: 13px; font-weight: 600; letter-spacing: 1.7px;\" href=\"https:\/\/tanferklinik.com\/en\/tooth-extraction\">TOOTH EXTRACTION<\/a><br \/>\n<a style=\"color: #fff; line-height: 31px; font-size: 13px; font-weight: 600; letter-spacing: 1.7px;\" href=\"https:\/\/tanferklinik.com\/en\/partial-dentures\">PARTIAL DENTURES<\/a><br \/>\n<a style=\"color: #fff; line-height: 31px; font-size: 13px; font-weight: 600; letter-spacing: 1.7px;\" href=\"https:\/\/tanferklinik.com\/en\/all-on-four-technique\">ALL ON FOUR TECHNIQUE<\/a><br \/>\n<a style=\"color: #fff; line-height: 31px; font-size: 13px; font-weight: 600; letter-spacing: 1.7px;\" href=\"https:\/\/tanferklinik.com\/en\/cysts-in-the-jaw\">CYSTS IN THE JAW<\/a><br \/>\n<a style=\"color: #fff; line-height: 31px; font-size: 13px; font-weight: 600; letter-spacing: 1.7px;\" href=\"https:\/\/tanferklinik.com\/en\/implant\">IMPLANT<\/a><br \/>\n<a style=\"color: #fff; line-height: 31px; font-size: 13px; font-weight: 600; letter-spacing: 1.7px;\" href=\"https:\/\/tanferklinik.com\/en\/box-technique\">BOX TECHNIQUE<\/a><br \/>\n<a style=\"color: #fff; line-height: 31px; font-size: 13px; font-weight: 600; letter-spacing: 1.7px;\" href=\"https:\/\/tanferklinik.com\/en\/dental-aesthetics-in-one-day-with-cerec-technique\">DENTAL AESTHETICS IN ONE DAY WITH CEREC TECHNIQUE<br \/>\n<\/a><\/p>\n<\/div>\n\t\t<\/div>\t\t<\/div>\n\t\t\t\t<\/div>\n\t\t\t\t\t\t<\/div>\n\t\t\t<\/div>\n\t\t<\/div>\n\t\t\t\t\t\t<\/div>\n\t\t\t<\/div>\n\t\t<\/section>\n\t\t\t\t\t\t<\/div>\n\t\t\t<\/div>\n\t\t<\/div>\n\t\t\t\t<div class=\"elementor-element elementor-element-e3593b7 elementor-column elementor-col-50 elementor-top-column\" data-id=\"e3593b7\" data-element_type=\"column\">\n\t\t\t<div class=\"elementor-column-wrap  elementor-element-populated\">\n\t\t\t\t\t<div class=\"elementor-widget-wrap\">\n\t\t\t\t<div class=\"elementor-element elementor-element-39d89ad elementor-widget elementor-widget-spacer\" data-id=\"39d89ad\" data-element_type=\"widget\" data-widget_type=\"spacer.default\">\n\t\t\t\t<div class=\"elementor-widget-container\">\n\t\t\t\t\t<div class=\"elementor-spacer\">\n\t\t\t<div class=\"elementor-spacer-inner\"><\/div>\n\t\t<\/div>\n\t\t\t\t<\/div>\n\t\t\t\t<\/div>\n\t\t\t\t<div class=\"elementor-element-custom_font_size elementor-element-custom_font_size_mobile elementor-element-custom_line_height elementor-element-custom_font_weight elementor-element elementor-element-359353d elementor-widget elementor-widget-text-editor\" data-id=\"359353d\" data-element_type=\"widget\" data-widget_type=\"text-editor.default\">\n\t\t\t\t<div class=\"elementor-widget-container\">\n\t\t\t\t\t<div class=\"elementor-text-editor elementor-clearfix\"><h1 class=\"thsn-tbar-title\">TOOTH EXTRACTION<\/h1><\/div>\n\t\t\t\t<\/div>\n\t\t\t\t<\/div>\n\t\t\t\t<section class=\"elementor-element elementor-element-7999eee elementor-section-boxed elementor-section-height-default elementor-section-height-default elementor-section elementor-inner-section\" data-id=\"7999eee\" data-element_type=\"section\">\n\t\t\t\t\t\t<div class=\"elementor-container elementor-column-gap-default\">\n\t\t\t\t<div class=\"elementor-row\">\n\t\t\t\t<div class=\"elementor-element elementor-element-9b6bd3a elementor-column elementor-col-100 elementor-inner-column\" data-id=\"9b6bd3a\" data-element_type=\"column\">\n\t\t\t<div class=\"elementor-column-wrap  elementor-element-populated\">\n\t\t\t\t\t<div class=\"elementor-widget-wrap\">\n\t\t\t\t<div class=\"elementor-element elementor-element-64f7d7b elementor-widget elementor-widget-spacer\" data-id=\"64f7d7b\" data-element_type=\"widget\" data-widget_type=\"spacer.default\">\n\t\t\t\t<div class=\"elementor-widget-container\">\n\t\t\t\t\t<div class=\"elementor-spacer\">\n\t\t\t<div class=\"elementor-spacer-inner\"><\/div>\n\t\t<\/div>\n\t\t\t\t<\/div>\n\t\t\t\t<\/div>\n\t\t\t\t<div class=\"elementor-element elementor-element-32865ee elementor-widget elementor-widget-text-editor\" data-id=\"32865ee\" data-element_type=\"widget\" data-widget_type=\"text-editor.default\">\n\t\t\t\t<div class=\"elementor-widget-container\">\n\t\t\t\t\t<div class=\"elementor-text-editor elementor-clearfix\"><p>Today, thanks to the contributions of scientific and technological progress to dentistry, tooth extraction is sometimes executed for the protection of a patient\u2019s health or treatment plan despite the first goal being to treat the tooth and keep it in the mouth.<\/p><h3>We can resume these circumstances;<\/h3><ul><li>Teeth that cannot be rescued by treatment because of decay or material loss highly<\/li><li>Broken teeth cannot be treated as a result of hitting<\/li><li>Teeth abscessed that cannot be rescued despite canal treatment<\/li><li>Dangling tooth because of the high degree tooth infection of gingiva at high<\/li><li>Milk teeth that have not been expelled in the time<\/li><li>Teeth causing the problems because of the excessive location changing (turning, toppling)<\/li><li>Teeth located in the cyst or tumor<\/li><li>Impacted tooth<\/li><li>Some teeth can be extracted even though they have no problems, to help the orthodontics treatment because of the lack of space<\/li><\/ul><h3>The points to take into consideration after the extraction<\/h3><ul><li>Don\u2019t rinse your mouth and don\u2019t spit constantly (Otherwise you will cause a delay in the healing of the extraction wound)<\/li><li>Bite the sterile gauze bandage which has been put to the extraction zone for at least 15-20 minutes by pressing tightly. Don\u2019t put a second tampon after you throw the first one. Because the tampon that you would like to put will never be sterile. Clot on the wound will cling to the tampon at every turn and it hinders the stopping of your bleeding.<\/li><li>You may have bleeding in the form of a leak. This bleeding can continue for between 6 and 24 hours. You should consult your doctor if you have much bleeding.<\/li><li>You may have an ache. You can take a painkiller (instead of aspirin). Your pain will peak as soon as your local anesthesia runs especially. It is a normal situation; you had better take a painkiller before the anesthesia effects run.<\/li><li>Don\u2019t smoke and drink alcohol for 24 hours<\/li><li>Don\u2019t tamper with the extracted zone with your tongue or with a material<\/li><li>The bone appears after extraction since the teeth connect the jaw bone and you can think that there is a piece of your extracted teeth. So you should not be interested in the extracted zone. Your gingiva will cover the opened bone in several days.<\/li><li>Don\u2019t eat something after extraction until your local anesthesia runs out. You can wound the numb zones by biting involuntarily.<\/li><li>Don\u2019t consume very hot or cold food or drinks. You should consume soft, fluid, tepid nutrition not need to be chewed. Then you can start to consume daily food deliberatively.<\/li><li>Continue your normal oral-dental care applications after 24 hours following the tooth extraction. You can profit from diluted tepid salt water or mouthwash. These applications clean the wound zone, accelerate the recovery process, minimize the halitosis after extraction, avert the accumulation of microbes and eliminate the risk of collateral infection.<\/li><li>It is normal if there is some swelling in your mouth after being extracted with a surgical operation. If there are some sutures, it has to stitch the opening in 7 and 10 days. You should be very careful not to play with the sutures with your tongue and hand.<\/li><\/ul><\/div>\n\t\t\t\t<\/div>\n\t\t\t\t<\/div>\n\t\t\t\t\t\t<\/div>\n\t\t\t<\/div>\n\t\t<\/div>\n\t\t\t\t\t\t<\/div>\n\t\t\t<\/div>\n\t\t<\/section>\n\t\t\t\t<div class=\"elementor-element elementor-element-0afeec5 elementor-widget elementor-widget-spacer\" data-id=\"0afeec5\" data-element_type=\"widget\" data-widget_type=\"spacer.default\">\n\t\t\t\t<div class=\"elementor-widget-container\">\n\t\t\t\t\t<div class=\"elementor-spacer\">\n\t\t\t<div class=\"elementor-spacer-inner\"><\/div>\n\t\t<\/div>\n\t\t\t\t<\/div>\n\t\t\t\t<\/div>\n\t\t\t\t\t\t<\/div>\n\t\t\t<\/div>\n\t\t<\/div>\n\t\t\t\t\t\t<\/div>\n\t\t\t<\/div>\n\t\t<\/section>\n\t\t\t\t\t\t<\/div>\n\t\t\t<\/div>\n\t\t<\/div>","protected":false},"excerpt":{"rendered":"<p>Dt. Cemile Y. ERDEM\u0130R Dt. Cemile Y. ERDEM\u0130R Dr. Hakan KAYA Dr. Hakan KAYA Dr. Nihat Tanfer Dr. Nihat Tanfer Get \u0131nformat\u0131on Now TOOTH EXTRACTION Today, thanks to the contributions of scientific and technological progress to dentistry, tooth extraction is sometimes executed for the protection of a patient\u2019s health or treatment plan despite the first [&hellip;]<\/p>","protected":false},"author":1,"featured_media":0,"parent":0,"menu_order":61,"comment_status":"closed","ping_status":"closed","template":"","meta":[],"aioseo_notices":[],"_links":{"self":[{"href":"https:\/\/tanferklinik.com\/en\/wp-json\/wp\/v2\/pages\/2776"}],"collection":[{"href":"https:\/\/tanferklinik.com\/en\/wp-json\/wp\/v2\/pages"}],"about":[{"href":"https:\/\/tanferklinik.com\/en\/wp-json\/wp\/v2\/types\/page"}],"author":[{"embeddable":true,"href":"https:\/\/tanferklinik.com\/en\/wp-json\/wp\/v2\/users\/1"}],"replies":[{"embeddable":true,"href":"https:\/\/tanferklinik.com\/en\/wp-json\/wp\/v2\/comments?post=2776"}],"version-history":[{"count":8,"href":"https:\/\/tanferklinik.com\/en\/wp-json\/wp\/v2\/pages\/2776\/revisions"}],"predecessor-version":[{"id":3488,"href":"https:\/\/tanferklinik.com\/en\/wp-json\/wp\/v2\/pages\/2776\/revisions\/3488"}],"wp:attachment":[{"href":"https:\/\/tanferklinik.com\/en\/wp-json\/wp\/v2\/media?parent=2776"}],"curies":[{"name":"wp","href":"https:\/\/api.w.org\/{rel}","templated":true}]}}