{"id":2787,"date":"2020-06-02T14:06:07","date_gmt":"2020-06-02T11:06:07","guid":{"rendered":"http:\/\/tanferklinik.com\/en\/?page_id=2787"},"modified":"2023-01-09T16:34:39","modified_gmt":"2023-01-09T13:34:39","slug":"oral-care-in-pregnancy","status":"publish","type":"page","link":"https:\/\/tanferklinik.com\/en\/oral-care-in-pregnancy","title":{"rendered":"Oral Care In Pregnancy"},"content":{"rendered":"<div data-elementor-type=\"wp-post\" data-elementor-id=\"2787\" class=\"elementor elementor-2787\" data-elementor-settings=\"[]\">\n\t\t\t<div class=\"elementor-inner\">\n\t\t\t\t<div class=\"elementor-section-wrap\">\n\t\t\t\t\t\t\t<section class=\"elementor-element elementor-element-209b035b elementor-section-boxed elementor-section-height-default elementor-section-height-default elementor-section elementor-top-section\" data-id=\"209b035b\" data-element_type=\"section\" data-settings=\"{&quot;background_background&quot;:&quot;classic&quot;}\">\n\t\t\t\t\t\t<div class=\"elementor-container elementor-column-gap-default\">\n\t\t\t\t<div class=\"elementor-row\">\n\t\t\t\t<div class=\"elementor-element elementor-element-115c96a elementor-column elementor-col-50 elementor-top-column\" data-id=\"115c96a\" data-element_type=\"column\">\n\t\t\t<div class=\"elementor-column-wrap  elementor-element-populated\">\n\t\t\t\t\t<div class=\"elementor-widget-wrap\">\n\t\t\t\t<section class=\"elementor-element elementor-element-19d90b51 elementor-section-boxed elementor-section-height-default elementor-section-height-default elementor-section elementor-inner-section\" data-id=\"19d90b51\" data-element_type=\"section\" data-settings=\"{&quot;background_background&quot;:&quot;classic&quot;}\">\n\t\t\t\t\t\t<div class=\"elementor-container elementor-column-gap-no\">\n\t\t\t\t<div class=\"elementor-row\">\n\t\t\t\t<div class=\"elementor-element elementor-element-3014ea4 elementor-column elementor-col-100 elementor-inner-column\" data-id=\"3014ea4\" data-element_type=\"column\">\n\t\t\t<div class=\"elementor-column-wrap  elementor-element-populated\">\n\t\t\t\t\t<div class=\"elementor-widget-wrap\">\n\t\t\t\t<div class=\"elementor-element elementor-element-2dae917f arrow_position-inside grid_gap-0 elementor-widget elementor-widget-gt3-core-teamcarousel\" data-id=\"2dae917f\" data-element_type=\"widget\" data-widget_type=\"gt3-core-teamcarousel.default\">\n\t\t\t\t<div class=\"elementor-widget-container\">\n\t\t\t\t<div data-settings=\"{&quot;fade&quot;:false,&quot;autoplay&quot;:false,&quot;items_per_line&quot;:1,&quot;autoplaySpeed&quot;:4000,&quot;dots&quot;:false,&quot;arrows&quot;:true,&quot;centerMode&quot;:false,&quot;l10n&quot;:{&quot;prev&quot;:&quot;Prev&quot;,&quot;next&quot;:&quot;Next&quot;}}\" class=\"module_team type2\">\n\t\t<div class=\"shortcode_team\">\n\t\t\t<div class=\"items1\">\n\t\t\t\t\t\t\t\t<ul class=\"item_list gt3_clear\">\n\t\t\t\t\t<li class=\"item-team-member\"><div class=\"item_wrapper\"><div class=\"item\"><div class=\"team_img featured_img\"><img decoding=\"async\" src=\"https:\/\/tanferklinik.com\/en\/wp-content\/uploads\/2020\/04\/dr-nihat-tanfer1-1600x1600.jpg\" srcset=\"https:\/\/tanferklinik.com\/en\/wp-content\/uploads\/2020\/04\/dr-nihat-tanfer1-1920x1920.jpg 1920w,  https:\/\/tanferklinik.com\/en\/wp-content\/uploads\/2020\/04\/dr-nihat-tanfer1-1600x1600.jpg 1600w,  https:\/\/tanferklinik.com\/en\/wp-content\/uploads\/2020\/04\/dr-nihat-tanfer1-1200x1200.jpg 1200w,  https:\/\/tanferklinik.com\/en\/wp-content\/uploads\/2020\/04\/dr-nihat-tanfer1-992x992.jpg 992w,  https:\/\/tanferklinik.com\/en\/wp-content\/uploads\/2020\/04\/dr-nihat-tanfer1-768x768.jpg 768w,  https:\/\/tanferklinik.com\/en\/wp-content\/uploads\/2020\/04\/dr-nihat-tanfer1-600x600.jpg 600w, https:\/\/tanferklinik.com\/en\/wp-content\/uploads\/2020\/04\/dr-nihat-tanfer1-420x420.jpg 420w\" sizes=\"(min-width: 1600px) 1920px, (min-width: 1200px) 1600px, (min-width: 992px) 1200px, (min-width: 768px) 992px, (min-width: 600px) 768px, (min-width: 420px) 600px, (max-width: 600px) 420px\" title=\"dr-nihat-tanfer1\" alt=\"dr-nihat-tanfer1\" \/><\/div><div class=\"team-infobox\"><div class=\"team_title\"><div class=\"team_title_wrapper\"><h3 class=\"team_title__text\">Dr. Nihat Tanfer<\/h3><\/div><\/div><\/div><div class=\"team_item_hover\"><div class=\"team_title\"><div class=\"team_title_wrapper\"><h3 class=\"team_title__text\">Dr. Nihat Tanfer<\/h3><\/div><\/div><\/div><\/div><\/div><\/li><li class=\"item-team-member dis-hekimi\"><div class=\"item_wrapper\"><div class=\"item\"><div class=\"team_img featured_img\"><img decoding=\"async\" src=\"https:\/\/tanferklinik.com\/en\/wp-content\/uploads\/2020\/04\/dr-cemile-yavuz-erdemir1-1600x1600.jpg\" srcset=\"https:\/\/tanferklinik.com\/en\/wp-content\/uploads\/2020\/04\/dr-cemile-yavuz-erdemir1-1920x1920.jpg 1920w,  https:\/\/tanferklinik.com\/en\/wp-content\/uploads\/2020\/04\/dr-cemile-yavuz-erdemir1-1600x1600.jpg 1600w,  https:\/\/tanferklinik.com\/en\/wp-content\/uploads\/2020\/04\/dr-cemile-yavuz-erdemir1-1200x1200.jpg 1200w,  https:\/\/tanferklinik.com\/en\/wp-content\/uploads\/2020\/04\/dr-cemile-yavuz-erdemir1-992x992.jpg 992w,  https:\/\/tanferklinik.com\/en\/wp-content\/uploads\/2020\/04\/dr-cemile-yavuz-erdemir1-768x768.jpg 768w,  https:\/\/tanferklinik.com\/en\/wp-content\/uploads\/2020\/04\/dr-cemile-yavuz-erdemir1-600x600.jpg 600w, https:\/\/tanferklinik.com\/en\/wp-content\/uploads\/2020\/04\/dr-cemile-yavuz-erdemir1-420x420.jpg 420w\" sizes=\"(min-width: 1600px) 1920px, (min-width: 1200px) 1600px, (min-width: 992px) 1200px, (min-width: 768px) 992px, (min-width: 600px) 768px, (min-width: 420px) 600px, (max-width: 600px) 420px\" title=\"dr-cemile-yavuz-erdemir1\" alt=\"dr-cemile-yavuz-erdemir1\" \/><\/div><div class=\"team-infobox\"><div class=\"team_title\"><div class=\"team_title_wrapper\"><h3 class=\"team_title__text\">Dt. Cemile Y. ERDEM\u0130R<\/h3><\/div><\/div><\/div><div class=\"team_item_hover\"><div class=\"team_title\"><div class=\"team_title_wrapper\"><h3 class=\"team_title__text\">Dt. Cemile Y. ERDEM\u0130R<\/h3><\/div><\/div><\/div><\/div><\/div><\/li><li class=\"item-team-member dis-hekimi\"><div class=\"item_wrapper\"><div class=\"item\"><div class=\"team_img featured_img\"><img decoding=\"async\" src=\"https:\/\/tanferklinik.com\/en\/wp-content\/uploads\/2020\/06\/dt-zeynep-yilmaz-1-1600x1600.jpg\" srcset=\"https:\/\/tanferklinik.com\/en\/wp-content\/uploads\/2020\/06\/dt-zeynep-yilmaz-1-1920x1920.jpg 1920w,  https:\/\/tanferklinik.com\/en\/wp-content\/uploads\/2020\/06\/dt-zeynep-yilmaz-1-1600x1600.jpg 1600w,  https:\/\/tanferklinik.com\/en\/wp-content\/uploads\/2020\/06\/dt-zeynep-yilmaz-1-1200x1200.jpg 1200w,  https:\/\/tanferklinik.com\/en\/wp-content\/uploads\/2020\/06\/dt-zeynep-yilmaz-1-992x992.jpg 992w,  https:\/\/tanferklinik.com\/en\/wp-content\/uploads\/2020\/06\/dt-zeynep-yilmaz-1-768x768.jpg 768w,  https:\/\/tanferklinik.com\/en\/wp-content\/uploads\/2020\/06\/dt-zeynep-yilmaz-1-600x600.jpg 600w, https:\/\/tanferklinik.com\/en\/wp-content\/uploads\/2020\/06\/dt-zeynep-yilmaz-1-420x420.jpg 420w\" sizes=\"(min-width: 1600px) 1920px, (min-width: 1200px) 1600px, (min-width: 992px) 1200px, (min-width: 768px) 992px, (min-width: 600px) 768px, (min-width: 420px) 600px, (max-width: 600px) 420px\" title=\"dt-zeynep-yilmaz-1\" alt=\"dt-zeynep-yilmaz-1\" \/><\/div><div class=\"team-infobox\"><div class=\"team_title\"><div class=\"team_title_wrapper\"><h3 class=\"team_title__text\">Dt. Zeynep Y\u0131lmaz<\/h3><\/div><\/div><\/div><div class=\"team_item_hover\"><div class=\"team_title\"><div class=\"team_title_wrapper\"><h3 class=\"team_title__text\">Dt. Zeynep Y\u0131lmaz<\/h3><\/div><\/div><\/div><\/div><\/div><\/li>\t\t\t\t<\/ul>\n\t\t\t\t<div class=\"clear\"><\/div>\n\t\t\t<\/div>\n\t\t<\/div>\n\t<\/div>\n\t\t<\/div>\n\t\t\t\t<\/div>\n\t\t\t\t\t\t<\/div>\n\t\t\t<\/div>\n\t\t<\/div>\n\t\t\t\t\t\t<\/div>\n\t\t\t<\/div>\n\t\t<\/section>\n\t\t\t\t<section class=\"elementor-element elementor-element-408f03b elementor-section-boxed elementor-section-height-default elementor-section-height-default elementor-section elementor-inner-section\" data-id=\"408f03b\" data-element_type=\"section\" data-settings=\"{&quot;background_background&quot;:&quot;classic&quot;}\">\n\t\t\t\t\t\t<div class=\"elementor-container elementor-column-gap-no\">\n\t\t\t\t<div class=\"elementor-row\">\n\t\t\t\t<div class=\"elementor-element elementor-element-38fa584 elementor-column elementor-col-100 elementor-inner-column\" data-id=\"38fa584\" data-element_type=\"column\">\n\t\t\t<div class=\"elementor-column-wrap  elementor-element-populated\">\n\t\t\t\t\t<div class=\"elementor-widget-wrap\">\n\t\t\t\t<div class=\"elementor-element-custom_font_size elementor-element-custom_font_weight elementor-element-custom_color elementor-element elementor-element-2bb620a elementor-widget elementor-widget-text-editor\" data-id=\"2bb620a\" data-element_type=\"widget\" data-widget_type=\"text-editor.default\">\n\t\t\t\t<div class=\"elementor-widget-container\">\n\t\t\t\t\t<div class=\"elementor-text-editor elementor-clearfix\"><h2>Get \u0131nformat\u0131on Now<\/h2><\/div>\n\t\t\t\t<\/div>\n\t\t\t\t<\/div>\n\t\t\t\t<div class=\"elementor-element elementor-element-45d4cea elementor-widget elementor-widget-shortcode\" data-id=\"45d4cea\" data-element_type=\"widget\" data-widget_type=\"shortcode.default\">\n\t\t\t\t<div class=\"elementor-widget-container\">\n\t\t\t\t\t<div class=\"elementor-shortcode\">\n<div class=\"wpcf7 no-js\" id=\"wpcf7-f5-o1\" lang=\"tr-TR\" dir=\"ltr\">\n<div class=\"screen-reader-response\"><p role=\"status\" aria-live=\"polite\" aria-atomic=\"true\"><\/p> <ul><\/ul><\/div>\n<form action=\"\/en\/wp-json\/wp\/v2\/pages\/2787#wpcf7-f5-o1\" method=\"post\" class=\"wpcf7-form init\" aria-label=\"Contact form\" novalidate=\"novalidate\" data-status=\"init\">\n<div style=\"display: none;\">\n<input type=\"hidden\" name=\"_wpcf7\" value=\"5\" \/>\n<input type=\"hidden\" name=\"_wpcf7_version\" value=\"5.7.3\" \/>\n<input type=\"hidden\" name=\"_wpcf7_locale\" value=\"tr_TR\" \/>\n<input type=\"hidden\" name=\"_wpcf7_unit_tag\" value=\"wpcf7-f5-o1\" \/>\n<input type=\"hidden\" name=\"_wpcf7_container_post\" value=\"0\" \/>\n<input type=\"hidden\" name=\"_wpcf7_posted_data_hash\" value=\"\" \/>\n<\/div>\n<p><label> Name<br \/>\n<span class=\"wpcf7-form-control-wrap\" data-name=\"adi\"><input size=\"40\" class=\"wpcf7-form-control wpcf7-text wpcf7-validates-as-required\" aria-required=\"true\" aria-invalid=\"false\" value=\"\" type=\"text\" name=\"adi\" \/><\/span> <\/label>\n<\/p>\n<p><label> Mail<br \/>\n<span class=\"wpcf7-form-control-wrap\" data-name=\"mail\"><input size=\"40\" class=\"wpcf7-form-control wpcf7-text wpcf7-email wpcf7-validates-as-required wpcf7-validates-as-email\" aria-required=\"true\" aria-invalid=\"false\" value=\"\" type=\"email\" name=\"mail\" \/><\/span> <\/label>\n<\/p>\n<p><label> Telephone<br \/>\n<span class=\"wpcf7-form-control-wrap\" data-name=\"phone\"><input size=\"40\" class=\"wpcf7-form-control wpcf7-text wpcf7-validates-as-required\" aria-required=\"true\" aria-invalid=\"false\" value=\"\" type=\"text\" name=\"phone\" \/><\/span> <\/label>\n<\/p>\n<p><label> Subject<br \/>\n<span class=\"wpcf7-form-control-wrap\" data-name=\"konu\"><input size=\"40\" class=\"wpcf7-form-control wpcf7-text\" aria-invalid=\"false\" value=\"\" type=\"text\" name=\"konu\" \/><\/span> <\/label>\n<\/p>\n<p><label> Your Message<br \/>\n<span class=\"wpcf7-form-control-wrap\" data-name=\"mesaj\"><textarea cols=\"40\" rows=\"10\" class=\"wpcf7-form-control wpcf7-textarea\" aria-invalid=\"false\" name=\"mesaj\"><\/textarea><\/span> <\/label>\n<\/p>\n<p><input class=\"wpcf7-form-control has-spinner wpcf7-submit\" type=\"submit\" value=\"Send\" \/>\n<\/p><div class=\"wpcf7-response-output\" aria-hidden=\"true\"><\/div>\n<\/form>\n<\/div>\n<\/div>\n\t\t\t\t<\/div>\n\t\t\t\t<\/div>\n\t\t\t\t\t\t<\/div>\n\t\t\t<\/div>\n\t\t<\/div>\n\t\t\t\t\t\t<\/div>\n\t\t\t<\/div>\n\t\t<\/section>\n\t\t\t\t<section class=\"elementor-element elementor-element-48a53a9a elementor-hidden-tablet elementor-hidden-phone elementor-section-boxed elementor-section-height-default elementor-section-height-default elementor-section elementor-inner-section\" data-id=\"48a53a9a\" data-element_type=\"section\" data-settings=\"{&quot;background_background&quot;:&quot;classic&quot;}\">\n\t\t\t\t\t\t<div class=\"elementor-container elementor-column-gap-no\">\n\t\t\t\t<div class=\"elementor-row\">\n\t\t\t\t<div class=\"elementor-element elementor-element-196e034 elementor-column elementor-col-100 elementor-inner-column\" data-id=\"196e034\" data-element_type=\"column\">\n\t\t\t<div class=\"elementor-column-wrap  elementor-element-populated\">\n\t\t\t\t\t<div class=\"elementor-widget-wrap\">\n\t\t\t\t<div class=\"elementor-element elementor-element-34c43dda elementor-widget elementor-widget-sidebar\" data-id=\"34c43dda\" data-element_type=\"widget\" data-widget_type=\"sidebar.default\">\n\t\t\t\t<div class=\"elementor-widget-container\">\n\t\t\t<div id=\"text-17\" class=\"widget gt3_widget open widget_text\">\t\t\t<div class=\"textwidget\"><h2 style=\"color: #244292; font-size: 23px; margin-top: 15px; margin-bottom: 15px;\">ORAL &amp; DENTAL HEALTH<\/h2>\n<p><a style=\"color: #fff; line-height: 31px; font-weight: 600; letter-spacing: 1.7px;\" href=\"https:\/\/tanferklinik.com\/en\/the-missing-teeth\">THE MISSING TEETH<\/a><br \/>\n<a style=\"color: #fff; line-height: 31px; font-size: 13px; font-weight: 600; letter-spacing: 1.7px;\" href=\"https:\/\/tanferklinik.com\/en\/permanent-dentures-care\">PERMANENT DENTURES CARE<\/a><br \/>\n<a style=\"color: #fff; line-height: 31px; font-size: 13px; font-weight: 600; letter-spacing: 1.7px;\" href=\"https:\/\/tanferklinik.com\/en\/dental-phobia\">DENTAL PHOBIA<\/a><br \/>\n<a style=\"color: #fff; line-height: 31px; font-size: 13px; font-weight: 600; letter-spacing: 1.7px;\" href=\"https:\/\/tanferklinik.com\/en\/tooth-ache\">TOOTH ACHE<\/a><br \/>\n<a style=\"color: #fff; line-height: 31px; font-size: 13px; font-weight: 600; letter-spacing: 1.7px;\" href=\"https:\/\/tanferklinik.com\/en\/oral-care-in-pregnancy\">ORAL CARE IN PREGNANCY<\/a><br \/>\n<a style=\"color: #fff; line-height: 31px; font-size: 13px; font-weight: 600; letter-spacing: 1.7px;\" href=\"https:\/\/tanferklinik.com\/en\/bad-breath-mouth-smell\">BAD BREATH (MOUTH SMELL)<\/a><br \/>\n<a style=\"color: #fff; line-height: 31px; font-size: 13px; font-weight: 600; letter-spacing: 1.7px;\" href=\"https:\/\/tanferklinik.com\/en\/using-the-dental-floss\">USING THE DENTAL FLOSS<\/a><br \/>\n<a style=\"color: #fff; line-height: 31px; font-size: 13px; font-weight: 600; letter-spacing: 1.7px;\" href=\"https:\/\/tanferklinik.com\/en\/broken-teeth\">BROKEN TEETH<\/a><br \/>\n<a style=\"color: #fff; line-height: 31px; font-size: 13px; font-weight: 600; letter-spacing: 1.7px;\" href=\"https:\/\/tanferklinik.com\/en\/bruxisme\">BRUXISME<\/a><br \/>\n<a style=\"color: #fff; line-height: 31px; font-size: 13px; font-weight: 600; letter-spacing: 1.7px;\" href=\"https:\/\/tanferklinik.com\/en\/the-teeth-sensitivity\">THE TEETH SENSITIVITY<\/a><br \/>\n<a style=\"color: #fff; line-height: 31px; font-size: 13px; font-weight: 600; letter-spacing: 1.7px;\" href=\"https:\/\/tanferklinik.com\/en\/oral-dental-care\">ORAL &amp; DENTAL CARE<\/a><br \/>\n<a style=\"color: #fff; line-height: 31px; font-size: 13px; font-weight: 600; letter-spacing: 1.7px;\" href=\"https:\/\/tanferklinik.com\/en\/mouth-sores-aphtha-canker\">MOUTH SORES (APHTHA \u2013 CANKER)<br \/>\n<\/a><a style=\"color: #fff; line-height: 31px; font-size: 13px; font-weight: 600; letter-spacing: 1.7px;\" href=\"https:\/\/tanferklinik.com\/en\/pediatric-dentists-pedodontics\">PEDIATRIC DENTISTS PEDODONTICS<\/a><br \/>\n<a style=\"color: #fff; line-height: 31px; font-size: 13px; font-weight: 600; letter-spacing: 1.7px;\" href=\"https:\/\/tanferklinik.com\/en\/mouth-cancer-oral-cancer\">MOUTH CANCER (ORAL CANCER)<\/a><\/p>\n<\/div>\n\t\t<\/div>\t\t<\/div>\n\t\t\t\t<\/div>\n\t\t\t\t\t\t<\/div>\n\t\t\t<\/div>\n\t\t<\/div>\n\t\t\t\t\t\t<\/div>\n\t\t\t<\/div>\n\t\t<\/section>\n\t\t\t\t\t\t<\/div>\n\t\t\t<\/div>\n\t\t<\/div>\n\t\t\t\t<div class=\"elementor-element elementor-element-e3593b7 elementor-column elementor-col-50 elementor-top-column\" data-id=\"e3593b7\" data-element_type=\"column\">\n\t\t\t<div class=\"elementor-column-wrap  elementor-element-populated\">\n\t\t\t\t\t<div class=\"elementor-widget-wrap\">\n\t\t\t\t<div class=\"elementor-element elementor-element-39d89ad elementor-widget elementor-widget-spacer\" data-id=\"39d89ad\" data-element_type=\"widget\" data-widget_type=\"spacer.default\">\n\t\t\t\t<div class=\"elementor-widget-container\">\n\t\t\t\t\t<div class=\"elementor-spacer\">\n\t\t\t<div class=\"elementor-spacer-inner\"><\/div>\n\t\t<\/div>\n\t\t\t\t<\/div>\n\t\t\t\t<\/div>\n\t\t\t\t<div class=\"elementor-element-custom_font_size elementor-element-custom_font_size_mobile elementor-element-custom_line_height elementor-element-custom_font_weight elementor-element elementor-element-359353d elementor-widget elementor-widget-text-editor\" data-id=\"359353d\" data-element_type=\"widget\" data-widget_type=\"text-editor.default\">\n\t\t\t\t<div class=\"elementor-widget-container\">\n\t\t\t\t\t<div class=\"elementor-text-editor elementor-clearfix\"><h1 class=\"thsn-tbar-title\">ORAL CARE IN PREGNANCY<\/h1><\/div>\n\t\t\t\t<\/div>\n\t\t\t\t<\/div>\n\t\t\t\t<section class=\"elementor-element elementor-element-7999eee elementor-section-boxed elementor-section-height-default elementor-section-height-default elementor-section elementor-inner-section\" data-id=\"7999eee\" data-element_type=\"section\">\n\t\t\t\t\t\t<div class=\"elementor-container elementor-column-gap-default\">\n\t\t\t\t<div class=\"elementor-row\">\n\t\t\t\t<div class=\"elementor-element elementor-element-9b6bd3a elementor-column elementor-col-100 elementor-inner-column\" data-id=\"9b6bd3a\" data-element_type=\"column\">\n\t\t\t<div class=\"elementor-column-wrap  elementor-element-populated\">\n\t\t\t\t\t<div class=\"elementor-widget-wrap\">\n\t\t\t\t<div class=\"elementor-element elementor-element-64f7d7b elementor-widget elementor-widget-spacer\" data-id=\"64f7d7b\" data-element_type=\"widget\" data-widget_type=\"spacer.default\">\n\t\t\t\t<div class=\"elementor-widget-container\">\n\t\t\t\t\t<div class=\"elementor-spacer\">\n\t\t\t<div class=\"elementor-spacer-inner\"><\/div>\n\t\t<\/div>\n\t\t\t\t<\/div>\n\t\t\t\t<\/div>\n\t\t\t\t<div class=\"elementor-element elementor-element-32865ee elementor-widget elementor-widget-text-editor\" data-id=\"32865ee\" data-element_type=\"widget\" data-widget_type=\"text-editor.default\">\n\t\t\t\t<div class=\"elementor-widget-container\">\n\t\t\t\t\t<div class=\"elementor-text-editor elementor-clearfix\"><p>While pregnancy, the acid level increases in the saliva. This makes the teeth weaker and teeth could have cavities. The future mother must keep her mouth clean. If she has problems with their gums, these problems might get worse. She may refrain from brushing their teeth when they have bleeding inside the mouth. This cause more bacteria, more redness and more bleeding on the gum. This is called gingivitis of pregnancy. It starts in the 2nd month and reaches the top in the 8th month. \u201cEvery pregnancy makes a tooth lost\u201d is a rumor.<\/p><p>Bleeding and gingival sensitivity can occur due to the effect of hormonal changes and changing food habits and the throwing up seen in the first months of the pregnancy.<\/p><p>The future mother must keep her mouth clean, brush her teeth regularly and use dental floss. Naturally, the future mother should visit her dentist regularly, too.<\/p><h3>The Teeth Treatment in Pregnancy<\/h3><p>It is necessary to go to your dentist regularly during pregnancy. If any sharp pain or infection appears, the treatment should be done whenever during pregnancy.<\/p><\/div>\n\t\t\t\t<\/div>\n\t\t\t\t<\/div>\n\t\t\t\t\t\t<\/div>\n\t\t\t<\/div>\n\t\t<\/div>\n\t\t\t\t\t\t<\/div>\n\t\t\t<\/div>\n\t\t<\/section>\n\t\t\t\t<div class=\"elementor-element elementor-element-0afeec5 elementor-widget elementor-widget-spacer\" data-id=\"0afeec5\" data-element_type=\"widget\" data-widget_type=\"spacer.default\">\n\t\t\t\t<div class=\"elementor-widget-container\">\n\t\t\t\t\t<div class=\"elementor-spacer\">\n\t\t\t<div class=\"elementor-spacer-inner\"><\/div>\n\t\t<\/div>\n\t\t\t\t<\/div>\n\t\t\t\t<\/div>\n\t\t\t\t\t\t<\/div>\n\t\t\t<\/div>\n\t\t<\/div>\n\t\t\t\t\t\t<\/div>\n\t\t\t<\/div>\n\t\t<\/section>\n\t\t\t\t\t\t<\/div>\n\t\t\t<\/div>\n\t\t<\/div>","protected":false},"excerpt":{"rendered":"<p>Dt. Cemile Y. ERDEM\u0130R Dt. Cemile Y. ERDEM\u0130R Dr. Hakan KAYA Dr. Hakan KAYA Dr. Nihat Tanfer Dr. Nihat Tanfer Get \u0131nformat\u0131on Now ORAL CARE IN PREGNANCY While pregnancy, the acid level increases in the saliva. This makes the teeth weaker and teeth could have cavities. The future mother must keep her mouth clean. If [&hellip;]<\/p>","protected":false},"author":1,"featured_media":0,"parent":0,"menu_order":72,"comment_status":"closed","ping_status":"closed","template":"","meta":[],"aioseo_notices":[],"_links":{"self":[{"href":"https:\/\/tanferklinik.com\/en\/wp-json\/wp\/v2\/pages\/2787"}],"collection":[{"href":"https:\/\/tanferklinik.com\/en\/wp-json\/wp\/v2\/pages"}],"about":[{"href":"https:\/\/tanferklinik.com\/en\/wp-json\/wp\/v2\/types\/page"}],"author":[{"embeddable":true,"href":"https:\/\/tanferklinik.com\/en\/wp-json\/wp\/v2\/users\/1"}],"replies":[{"embeddable":true,"href":"https:\/\/tanferklinik.com\/en\/wp-json\/wp\/v2\/comments?post=2787"}],"version-history":[{"count":9,"href":"https:\/\/tanferklinik.com\/en\/wp-json\/wp\/v2\/pages\/2787\/revisions"}],"predecessor-version":[{"id":3499,"href":"https:\/\/tanferklinik.com\/en\/wp-json\/wp\/v2\/pages\/2787\/revisions\/3499"}],"wp:attachment":[{"href":"https:\/\/tanferklinik.com\/en\/wp-json\/wp\/v2\/media?parent=2787"}],"curies":[{"name":"wp","href":"https:\/\/api.w.org\/{rel}","templated":true}]}}