{"id":2772,"date":"2020-06-02T14:05:48","date_gmt":"2020-06-02T11:05:48","guid":{"rendered":"http:\/\/tanferklinik.com\/fr\/?page_id=2772"},"modified":"2023-01-09T16:57:19","modified_gmt":"2023-01-09T13:57:19","slug":"plombage","status":"publish","type":"page","link":"https:\/\/tanferklinik.com\/fr\/plombage","title":{"rendered":"Plombage"},"content":{"rendered":"<div data-elementor-type=\"wp-post\" data-elementor-id=\"2772\" class=\"elementor elementor-2772\" data-elementor-settings=\"[]\">\n\t\t\t<div class=\"elementor-inner\">\n\t\t\t\t<div class=\"elementor-section-wrap\">\n\t\t\t\t\t\t\t<section class=\"elementor-element elementor-element-209b035b elementor-section-boxed elementor-section-height-default elementor-section-height-default elementor-section elementor-top-section\" data-id=\"209b035b\" data-element_type=\"section\" data-settings=\"{&quot;background_background&quot;:&quot;classic&quot;}\">\n\t\t\t\t\t\t<div class=\"elementor-container elementor-column-gap-default\">\n\t\t\t\t<div class=\"elementor-row\">\n\t\t\t\t<div class=\"elementor-element elementor-element-115c96a elementor-column elementor-col-50 elementor-top-column\" data-id=\"115c96a\" data-element_type=\"column\">\n\t\t\t<div class=\"elementor-column-wrap  elementor-element-populated\">\n\t\t\t\t\t<div class=\"elementor-widget-wrap\">\n\t\t\t\t<section class=\"elementor-element elementor-element-5edd50bc elementor-section-boxed elementor-section-height-default elementor-section-height-default elementor-section elementor-inner-section\" data-id=\"5edd50bc\" data-element_type=\"section\" data-settings=\"{&quot;background_background&quot;:&quot;classic&quot;}\">\n\t\t\t\t\t\t<div class=\"elementor-container elementor-column-gap-no\">\n\t\t\t\t<div class=\"elementor-row\">\n\t\t\t\t<div class=\"elementor-element elementor-element-22a118e0 elementor-column elementor-col-100 elementor-inner-column\" data-id=\"22a118e0\" data-element_type=\"column\">\n\t\t\t<div class=\"elementor-column-wrap  elementor-element-populated\">\n\t\t\t\t\t<div class=\"elementor-widget-wrap\">\n\t\t\t\t<div class=\"elementor-element elementor-element-6253328b arrow_position-inside grid_gap-0 elementor-widget elementor-widget-gt3-core-teamcarousel\" data-id=\"6253328b\" data-element_type=\"widget\" data-widget_type=\"gt3-core-teamcarousel.default\">\n\t\t\t\t<div class=\"elementor-widget-container\">\n\t\t\t\t<div data-settings=\"{&quot;fade&quot;:false,&quot;autoplay&quot;:false,&quot;items_per_line&quot;:1,&quot;autoplaySpeed&quot;:4000,&quot;dots&quot;:false,&quot;arrows&quot;:true,&quot;centerMode&quot;:false,&quot;l10n&quot;:{&quot;prev&quot;:&quot;Prev&quot;,&quot;next&quot;:&quot;Next&quot;}}\" class=\"module_team type2\">\n\t\t<div class=\"shortcode_team\">\n\t\t\t<div class=\"items1\">\n\t\t\t\t\t\t\t\t<ul class=\"item_list gt3_clear\">\n\t\t\t\t\t<li class=\"item-team-member agiz-dis-ve-cene-cerrahisi\"><div class=\"item_wrapper\"><div class=\"item\"><div class=\"team_img featured_img\"><img decoding=\"async\" src=\"https:\/\/tanferklinik.com\/fr\/wp-content\/uploads\/2020\/04\/dr-nihat-tanfer1-1600x1600.jpg\" srcset=\"https:\/\/tanferklinik.com\/fr\/wp-content\/uploads\/2020\/04\/dr-nihat-tanfer1-1920x1920.jpg 1920w,  https:\/\/tanferklinik.com\/fr\/wp-content\/uploads\/2020\/04\/dr-nihat-tanfer1-1600x1600.jpg 1600w,  https:\/\/tanferklinik.com\/fr\/wp-content\/uploads\/2020\/04\/dr-nihat-tanfer1-1200x1200.jpg 1200w,  https:\/\/tanferklinik.com\/fr\/wp-content\/uploads\/2020\/04\/dr-nihat-tanfer1-992x992.jpg 992w,  https:\/\/tanferklinik.com\/fr\/wp-content\/uploads\/2020\/04\/dr-nihat-tanfer1-768x768.jpg 768w,  https:\/\/tanferklinik.com\/fr\/wp-content\/uploads\/2020\/04\/dr-nihat-tanfer1-600x600.jpg 600w, https:\/\/tanferklinik.com\/fr\/wp-content\/uploads\/2020\/04\/dr-nihat-tanfer1-420x420.jpg 420w\" sizes=\"(min-width: 1600px) 1920px, (min-width: 1200px) 1600px, (min-width: 992px) 1200px, (min-width: 768px) 992px, (min-width: 600px) 768px, (min-width: 420px) 600px, (max-width: 600px) 420px\" title=\"dr-nihat-tanfer1\" alt=\"dr-nihat-tanfer1\" \/><\/div><div class=\"team-infobox\"><div class=\"team_title\"><div class=\"team_title_wrapper\"><h3 class=\"team_title__text\">Dr. Nihat TANFER<\/h3><\/div><\/div><\/div><div class=\"team_item_hover\"><div class=\"team_title\"><div class=\"team_title_wrapper\"><h3 class=\"team_title__text\">Dr. Nihat TANFER<\/h3><\/div><\/div><\/div><\/div><\/div><\/li><li class=\"item-team-member dis-hekimi\"><div class=\"item_wrapper\"><div class=\"item\"><div class=\"team_img featured_img\"><img decoding=\"async\" src=\"https:\/\/tanferklinik.com\/fr\/wp-content\/uploads\/2020\/04\/dr-cemile-yavuz-erdemir1-1600x1600.jpg\" srcset=\"https:\/\/tanferklinik.com\/fr\/wp-content\/uploads\/2020\/04\/dr-cemile-yavuz-erdemir1-1920x1920.jpg 1920w,  https:\/\/tanferklinik.com\/fr\/wp-content\/uploads\/2020\/04\/dr-cemile-yavuz-erdemir1-1600x1600.jpg 1600w,  https:\/\/tanferklinik.com\/fr\/wp-content\/uploads\/2020\/04\/dr-cemile-yavuz-erdemir1-1200x1200.jpg 1200w,  https:\/\/tanferklinik.com\/fr\/wp-content\/uploads\/2020\/04\/dr-cemile-yavuz-erdemir1-992x992.jpg 992w,  https:\/\/tanferklinik.com\/fr\/wp-content\/uploads\/2020\/04\/dr-cemile-yavuz-erdemir1-768x768.jpg 768w,  https:\/\/tanferklinik.com\/fr\/wp-content\/uploads\/2020\/04\/dr-cemile-yavuz-erdemir1-600x600.jpg 600w, https:\/\/tanferklinik.com\/fr\/wp-content\/uploads\/2020\/04\/dr-cemile-yavuz-erdemir1-420x420.jpg 420w\" sizes=\"(min-width: 1600px) 1920px, (min-width: 1200px) 1600px, (min-width: 992px) 1200px, (min-width: 768px) 992px, (min-width: 600px) 768px, (min-width: 420px) 600px, (max-width: 600px) 420px\" title=\"dr-cemile-yavuz-erdemir1\" alt=\"dr-cemile-yavuz-erdemir1\" \/><\/div><div class=\"team-infobox\"><div class=\"team_title\"><div class=\"team_title_wrapper\"><h3 class=\"team_title__text\">Dt. Cemile Y. ERDEM\u0130R<\/h3><\/div><\/div><\/div><div class=\"team_item_hover\"><div class=\"team_title\"><div class=\"team_title_wrapper\"><h3 class=\"team_title__text\">Dt. Cemile Y. ERDEM\u0130R<\/h3><\/div><\/div><\/div><\/div><\/div><\/li><li class=\"item-team-member dis-hekimi\"><div class=\"item_wrapper\"><div class=\"item\"><div class=\"team_img featured_img\"><img decoding=\"async\" src=\"https:\/\/tanferklinik.com\/fr\/wp-content\/uploads\/2020\/06\/dt-zeynep-yilmaz-1-1600x1600.jpg\" srcset=\"https:\/\/tanferklinik.com\/fr\/wp-content\/uploads\/2020\/06\/dt-zeynep-yilmaz-1-1920x1920.jpg 1920w,  https:\/\/tanferklinik.com\/fr\/wp-content\/uploads\/2020\/06\/dt-zeynep-yilmaz-1-1600x1600.jpg 1600w,  https:\/\/tanferklinik.com\/fr\/wp-content\/uploads\/2020\/06\/dt-zeynep-yilmaz-1-1200x1200.jpg 1200w,  https:\/\/tanferklinik.com\/fr\/wp-content\/uploads\/2020\/06\/dt-zeynep-yilmaz-1-992x992.jpg 992w,  https:\/\/tanferklinik.com\/fr\/wp-content\/uploads\/2020\/06\/dt-zeynep-yilmaz-1-768x768.jpg 768w,  https:\/\/tanferklinik.com\/fr\/wp-content\/uploads\/2020\/06\/dt-zeynep-yilmaz-1-600x600.jpg 600w, https:\/\/tanferklinik.com\/fr\/wp-content\/uploads\/2020\/06\/dt-zeynep-yilmaz-1-420x420.jpg 420w\" sizes=\"(min-width: 1600px) 1920px, (min-width: 1200px) 1600px, (min-width: 992px) 1200px, (min-width: 768px) 992px, (min-width: 600px) 768px, (min-width: 420px) 600px, (max-width: 600px) 420px\" title=\"dt-zeynep-yilmaz-1\" alt=\"dt-zeynep-yilmaz-1\" \/><\/div><div class=\"team-infobox\"><div class=\"team_title\"><div class=\"team_title_wrapper\"><h3 class=\"team_title__text\">Dt. Zeynep Y\u0131lmaz<\/h3><\/div><\/div><\/div><div class=\"team_item_hover\"><div class=\"team_title\"><div class=\"team_title_wrapper\"><h3 class=\"team_title__text\">Dt. Zeynep Y\u0131lmaz<\/h3><\/div><\/div><\/div><\/div><\/div><\/li>\t\t\t\t<\/ul>\n\t\t\t\t<div class=\"clear\"><\/div>\n\t\t\t<\/div>\n\t\t<\/div>\n\t<\/div>\n\t\t<\/div>\n\t\t\t\t<\/div>\n\t\t\t\t\t\t<\/div>\n\t\t\t<\/div>\n\t\t<\/div>\n\t\t\t\t\t\t<\/div>\n\t\t\t<\/div>\n\t\t<\/section>\n\t\t\t\t<section class=\"elementor-element elementor-element-e413b0b elementor-section-boxed elementor-section-height-default elementor-section-height-default elementor-section elementor-inner-section\" data-id=\"e413b0b\" data-element_type=\"section\" data-settings=\"{&quot;background_background&quot;:&quot;classic&quot;}\">\n\t\t\t\t\t\t<div class=\"elementor-container elementor-column-gap-no\">\n\t\t\t\t<div class=\"elementor-row\">\n\t\t\t\t<div class=\"elementor-element elementor-element-78e3e2c elementor-column elementor-col-100 elementor-inner-column\" data-id=\"78e3e2c\" data-element_type=\"column\">\n\t\t\t<div class=\"elementor-column-wrap  elementor-element-populated\">\n\t\t\t\t\t<div class=\"elementor-widget-wrap\">\n\t\t\t\t<div class=\"elementor-element-custom_font_size elementor-element-custom_font_weight elementor-element-custom_color elementor-element elementor-element-995e380 elementor-widget elementor-widget-text-editor\" data-id=\"995e380\" data-element_type=\"widget\" data-widget_type=\"text-editor.default\">\n\t\t\t\t<div class=\"elementor-widget-container\">\n\t\t\t\t\t<div class=\"elementor-text-editor elementor-clearfix\"><h2>Contacter<\/h2><\/div>\n\t\t\t\t<\/div>\n\t\t\t\t<\/div>\n\t\t\t\t<div class=\"elementor-element elementor-element-f2881c2 elementor-widget elementor-widget-shortcode\" data-id=\"f2881c2\" data-element_type=\"widget\" data-widget_type=\"shortcode.default\">\n\t\t\t\t<div class=\"elementor-widget-container\">\n\t\t\t\t\t<div class=\"elementor-shortcode\">\n<div class=\"wpcf7 no-js\" id=\"wpcf7-f5-o1\" lang=\"tr-TR\" dir=\"ltr\">\n<div class=\"screen-reader-response\"><p role=\"status\" aria-live=\"polite\" aria-atomic=\"true\"><\/p> <ul><\/ul><\/div>\n<form action=\"\/fr\/wp-json\/wp\/v2\/pages\/2772#wpcf7-f5-o1\" method=\"post\" class=\"wpcf7-form init\" aria-label=\"Contact form\" novalidate=\"novalidate\" data-status=\"init\">\n<div style=\"display: none;\">\n<input type=\"hidden\" name=\"_wpcf7\" value=\"5\" \/>\n<input type=\"hidden\" name=\"_wpcf7_version\" value=\"5.7.3\" \/>\n<input type=\"hidden\" name=\"_wpcf7_locale\" value=\"tr_TR\" \/>\n<input type=\"hidden\" name=\"_wpcf7_unit_tag\" value=\"wpcf7-f5-o1\" \/>\n<input type=\"hidden\" name=\"_wpcf7_container_post\" value=\"0\" \/>\n<input type=\"hidden\" name=\"_wpcf7_posted_data_hash\" value=\"\" \/>\n<\/div>\n<p><label> Nom<br \/>\n<span class=\"wpcf7-form-control-wrap\" data-name=\"adi\"><input size=\"40\" class=\"wpcf7-form-control wpcf7-text wpcf7-validates-as-required\" aria-required=\"true\" aria-invalid=\"false\" value=\"\" type=\"text\" name=\"adi\" \/><\/span> <\/label>\n<\/p>\n<p><label> Courrier<br \/>\n<span class=\"wpcf7-form-control-wrap\" data-name=\"mail\"><input size=\"40\" class=\"wpcf7-form-control wpcf7-text wpcf7-email wpcf7-validates-as-required wpcf7-validates-as-email\" aria-required=\"true\" aria-invalid=\"false\" value=\"\" type=\"email\" name=\"mail\" \/><\/span> <\/label>\n<\/p>\n<p><label> Mati\u00e8re<br \/>\n<span class=\"wpcf7-form-control-wrap\" data-name=\"konu\"><input size=\"40\" class=\"wpcf7-form-control wpcf7-text\" aria-invalid=\"false\" value=\"\" type=\"text\" name=\"konu\" \/><\/span> <\/label>\n<\/p>\n<p><label> Votre Message<br \/>\n<span class=\"wpcf7-form-control-wrap\" data-name=\"mesaj\"><textarea cols=\"40\" rows=\"10\" class=\"wpcf7-form-control wpcf7-textarea\" aria-invalid=\"false\" name=\"mesaj\"><\/textarea><\/span> <\/label>\n<\/p>\n<p><input class=\"wpcf7-form-control has-spinner wpcf7-submit\" type=\"submit\" value=\"Envoyer\" \/>\n<\/p><div class=\"wpcf7-response-output\" aria-hidden=\"true\"><\/div>\n<\/form>\n<\/div>\n<\/div>\n\t\t\t\t<\/div>\n\t\t\t\t<\/div>\n\t\t\t\t\t\t<\/div>\n\t\t\t<\/div>\n\t\t<\/div>\n\t\t\t\t\t\t<\/div>\n\t\t\t<\/div>\n\t\t<\/section>\n\t\t\t\t<section class=\"elementor-element elementor-element-2f1ef6c3 elementor-hidden-tablet elementor-hidden-phone elementor-section-boxed elementor-section-height-default elementor-section-height-default elementor-section elementor-inner-section\" data-id=\"2f1ef6c3\" data-element_type=\"section\" data-settings=\"{&quot;background_background&quot;:&quot;classic&quot;}\">\n\t\t\t\t\t\t<div class=\"elementor-container elementor-column-gap-no\">\n\t\t\t\t<div class=\"elementor-row\">\n\t\t\t\t<div class=\"elementor-element elementor-element-1a46d117 elementor-column elementor-col-100 elementor-inner-column\" data-id=\"1a46d117\" data-element_type=\"column\">\n\t\t\t<div class=\"elementor-column-wrap  elementor-element-populated\">\n\t\t\t\t\t<div class=\"elementor-widget-wrap\">\n\t\t\t\t<div class=\"elementor-element elementor-element-1ffe02ba elementor-widget elementor-widget-sidebar\" data-id=\"1ffe02ba\" data-element_type=\"widget\" data-widget_type=\"sidebar.default\">\n\t\t\t\t<div class=\"elementor-widget-container\">\n\t\t\t<div id=\"text-5\" class=\"widget gt3_widget open widget_text\">\t\t\t<div class=\"textwidget\"><h2 style=\"color: #244292; font-size: 23px; margin-top: 15px; margin-bottom: 15px;\">NOS SOINS<\/h2>\n<p><a style=\"color: #fff; line-height: 31px; font-weight: 600; letter-spacing: 1.7px;\" href=\"https:\/\/tanferklinik.com\/fr\/sinus-lift\">SINUS LIFT<\/a><br \/>\n<a style=\"color: #fff; line-height: 31px; font-size: 13px; font-weight: 600; letter-spacing: 1.7px;\" href=\"https:\/\/tanferklinik.com\/fr\/couronne-et-bridge\">COURONNE ET BRIDGE<\/a><br \/>\n<a style=\"color: #fff; line-height: 31px; font-size: 13px; font-weight: 600; letter-spacing: 1.7px;\" href=\"https:\/\/tanferklinik.com\/fr\/greffes-osseuses\">GREFFES OSSEUSES<\/a><br \/>\n<a style=\"color: #fff; line-height: 31px; font-size: 13px; font-weight: 600; letter-spacing: 1.7px;\" href=\"https:\/\/tanferklinik.com\/fr\/traitement-du-canal\">TRAITEMENT DU CANAL<\/a><br \/>\n<a style=\"color: #fff; line-height: 31px; font-size: 13px; font-weight: 600; letter-spacing: 1.7px;\" href=\"https:\/\/tanferklinik.com\/fr\/les-protheses-completes-mobiles\">LES PROTH\u00c8SES COMPLETES MOBILES<\/a><br \/>\n<a style=\"color: #fff; line-height: 31px; font-size: 13px; font-weight: 600; letter-spacing: 1.7px;\" href=\"https:\/\/tanferklinik.com\/fr\/extraction-dentaire\">EXTRACTION DENTAIRE<\/a><br \/>\n<a style=\"color: #fff; line-height: 31px; font-size: 13px; font-weight: 600; letter-spacing: 1.7px;\" href=\"https:\/\/tanferklinik.com\/fr\/plombage\">PLOMBAGE<\/a><br \/>\n<a style=\"color: #fff; line-height: 31px; font-size: 13px; font-weight: 600; letter-spacing: 1.7px;\" href=\"https:\/\/tanferklinik.com\/fr\/maladies-gingivales\">MALADIES GINGIVALES<\/a><br \/>\n<a style=\"color: #fff; line-height: 31px; font-size: 13px; font-weight: 600; letter-spacing: 1.7px;\" href=\"https:\/\/tanferklinik.com\/fr\/stomatologie\">STOMATOLOGIE<\/a><br \/>\n<a style=\"color: #fff; line-height: 31px; font-size: 13px; font-weight: 600; letter-spacing: 1.7px;\" href=\"https:\/\/tanferklinik.com\/fr\/la-prothese-dentaire-partielle\">LA PROTHESE DENTAIRE PARTIELLE<\/a><br \/>\n<a style=\"color: #fff; line-height: 31px; font-size: 13px; font-weight: 600; letter-spacing: 1.7px;\" href=\"https:\/\/tanferklinik.com\/fr\/all-on-four\">ALL ON FOUR<\/a><br \/>\n<a style=\"color: #fff; line-height: 31px; font-size: 13px; font-weight: 600; letter-spacing: 1.7px;\" href=\"https:\/\/tanferklinik.com\/fr\/operation-du-kyste\">OPERATION DU KYSTE<\/a><br \/>\n<a style=\"color: #fff; line-height: 31px; font-size: 13px; font-weight: 600; letter-spacing: 1.7px;\" href=\"https:\/\/tanferklinik.com\/fr\/implant\">IMPLANT<\/a><br \/>\n<a style=\"color: #fff; line-height: 31px; font-size: 13px; font-weight: 600; letter-spacing: 1.7px;\" href=\"https:\/\/tanferklinik.com\/fr\/box-technique\">BOX TECHNIQUE<\/a><br \/>\n<a style=\"color: #fff; line-height: 31px; font-size: 13px; font-weight: 600; letter-spacing: 1.7px;\" href=\"https:\/\/tanferklinik.com\/fr\/cerec\">CEREC<\/a><br \/>\n<a style=\"color: #fff; line-height: 31px; font-size: 13px; font-weight: 600; letter-spacing: 1.7px;\" href=\"https:\/\/tanferklinik.com\/fr\/quest-ce-que-lorthodontie\">QU\u2019EST CE QUE L\u2019ORTHODONTIE<\/a><\/p>\n<\/div>\n\t\t<\/div>\t\t<\/div>\n\t\t\t\t<\/div>\n\t\t\t\t\t\t<\/div>\n\t\t\t<\/div>\n\t\t<\/div>\n\t\t\t\t\t\t<\/div>\n\t\t\t<\/div>\n\t\t<\/section>\n\t\t\t\t\t\t<\/div>\n\t\t\t<\/div>\n\t\t<\/div>\n\t\t\t\t<div class=\"elementor-element elementor-element-e3593b7 elementor-column elementor-col-50 elementor-top-column\" data-id=\"e3593b7\" data-element_type=\"column\">\n\t\t\t<div class=\"elementor-column-wrap  elementor-element-populated\">\n\t\t\t\t\t<div class=\"elementor-widget-wrap\">\n\t\t\t\t<div class=\"elementor-element elementor-element-39d89ad elementor-widget elementor-widget-spacer\" data-id=\"39d89ad\" data-element_type=\"widget\" data-widget_type=\"spacer.default\">\n\t\t\t\t<div class=\"elementor-widget-container\">\n\t\t\t\t\t<div class=\"elementor-spacer\">\n\t\t\t<div class=\"elementor-spacer-inner\"><\/div>\n\t\t<\/div>\n\t\t\t\t<\/div>\n\t\t\t\t<\/div>\n\t\t\t\t<div class=\"elementor-element-custom_font_size elementor-element-custom_font_size_mobile elementor-element-custom_line_height elementor-element-custom_font_weight elementor-element elementor-element-359353d elementor-widget elementor-widget-text-editor\" data-id=\"359353d\" data-element_type=\"widget\" data-widget_type=\"text-editor.default\">\n\t\t\t\t<div class=\"elementor-widget-container\">\n\t\t\t\t\t<div class=\"elementor-text-editor elementor-clearfix\"><h1 class=\"thsn-tbar-title\">PLOMBAGE<\/h1><\/div>\n\t\t\t\t<\/div>\n\t\t\t\t<\/div>\n\t\t\t\t<section class=\"elementor-element elementor-element-7999eee elementor-section-boxed elementor-section-height-default elementor-section-height-default elementor-section elementor-inner-section\" data-id=\"7999eee\" data-element_type=\"section\">\n\t\t\t\t\t\t<div class=\"elementor-container elementor-column-gap-default\">\n\t\t\t\t<div class=\"elementor-row\">\n\t\t\t\t<div class=\"elementor-element elementor-element-9b6bd3a elementor-column elementor-col-100 elementor-inner-column\" data-id=\"9b6bd3a\" data-element_type=\"column\">\n\t\t\t<div class=\"elementor-column-wrap  elementor-element-populated\">\n\t\t\t\t\t<div class=\"elementor-widget-wrap\">\n\t\t\t\t<div class=\"elementor-element elementor-element-64f7d7b elementor-widget elementor-widget-spacer\" data-id=\"64f7d7b\" data-element_type=\"widget\" data-widget_type=\"spacer.default\">\n\t\t\t\t<div class=\"elementor-widget-container\">\n\t\t\t\t\t<div class=\"elementor-spacer\">\n\t\t\t<div class=\"elementor-spacer-inner\"><\/div>\n\t\t<\/div>\n\t\t\t\t<\/div>\n\t\t\t\t<\/div>\n\t\t\t\t<div class=\"elementor-element elementor-element-32865ee elementor-widget elementor-widget-text-editor\" data-id=\"32865ee\" data-element_type=\"widget\" data-widget_type=\"text-editor.default\">\n\t\t\t\t<div class=\"elementor-widget-container\">\n\t\t\t\t\t<div class=\"elementor-text-editor elementor-clearfix\"><p>Le plombage est utilis\u00e9 en cas de caries. Il est conseill\u00e9 d\u2019effectuer le traitement des caries a\ufb01n de prot\u00e9ger la viabilit\u00e9 de vos dents. Apres avoir nettoy\u00e9 la carie, la dent est reconstitu\u00e9e et r\u00e9tablie<br \/>avec du mat\u00e9riel appropri\u00e9.<\/p><h3>Les diff\u00e9rents types de restauration de la dent sont:\u00a0<\/h3><ul><li>Le plombage composite (plombage esth\u00e9tique).<\/li><li>Le plombage en porcelaine.<\/li><li>Le plombage composite est constitu\u00e9 de mat\u00e9riaux sous forme de p\u00e2tes. Ces p\u00e2tes contiennent des particules de quartz, de silice et de zirconium. Il sont tr\u00e8s esth\u00e9tiques et permettent des restaurations invisibles gr\u00e2ce \u00e0 une multitude de teintes.<\/li><\/ul><p>Le plombage porcelaine esth\u00e9tique inlays est utilis\u00e9 pour r\u00e9parer des petites l\u00e9sions. Les onlays pour r\u00e9parer les l\u00e9sions plus grandes. Les inlays et les onlays sont aussi appel\u00e9s incrustation en porcelaine. Ils n\u00e9cessitent 2 visites chez le dentiste, lors de la premi\u00e8re visite la dent actuelle est examin\u00e9e et pr\u00e9par\u00e9e, il se peut que la dent soit ponc\u00e9e, qu\u2019un vieux plombage soit enlev\u00e9 et que la carie soit trait\u00e9e. Lors de la seconde visite, le plombage temporaire est retir\u00e9, et le plombage est alors pos\u00e9 puis coll\u00e9.<\/p><\/div>\n\t\t\t\t<\/div>\n\t\t\t\t<\/div>\n\t\t\t\t\t\t<\/div>\n\t\t\t<\/div>\n\t\t<\/div>\n\t\t\t\t\t\t<\/div>\n\t\t\t<\/div>\n\t\t<\/section>\n\t\t\t\t<div class=\"elementor-element elementor-element-0afeec5 elementor-widget elementor-widget-spacer\" data-id=\"0afeec5\" data-element_type=\"widget\" data-widget_type=\"spacer.default\">\n\t\t\t\t<div class=\"elementor-widget-container\">\n\t\t\t\t\t<div class=\"elementor-spacer\">\n\t\t\t<div class=\"elementor-spacer-inner\"><\/div>\n\t\t<\/div>\n\t\t\t\t<\/div>\n\t\t\t\t<\/div>\n\t\t\t\t\t\t<\/div>\n\t\t\t<\/div>\n\t\t<\/div>\n\t\t\t\t\t\t<\/div>\n\t\t\t<\/div>\n\t\t<\/section>\n\t\t\t\t\t\t<\/div>\n\t\t\t<\/div>\n\t\t<\/div>","protected":false},"excerpt":{"rendered":"<p>Dt. Cemile Y. ERDEM\u0130R Dt. Cemile Y. ERDEM\u0130R Dr. Elif S. MERGEN Dr. Elif S. MERGEN Dr. Hakan KAYA Dr. Hakan KAYA Dr. Nihat TANFER Dr. Nihat TANFER Contacter PLOMBAGE Le plombage est utilis\u00e9 en cas de caries. Il est conseill\u00e9 d\u2019effectuer le traitement des caries a\ufb01n de prot\u00e9ger la viabilit\u00e9 de vos dents. Apres [&hellip;]<\/p>","protected":false},"author":1,"featured_media":0,"parent":0,"menu_order":57,"comment_status":"closed","ping_status":"closed","template":"","meta":[],"aioseo_notices":[],"_links":{"self":[{"href":"https:\/\/tanferklinik.com\/fr\/wp-json\/wp\/v2\/pages\/2772"}],"collection":[{"href":"https:\/\/tanferklinik.com\/fr\/wp-json\/wp\/v2\/pages"}],"about":[{"href":"https:\/\/tanferklinik.com\/fr\/wp-json\/wp\/v2\/types\/page"}],"author":[{"embeddable":true,"href":"https:\/\/tanferklinik.com\/fr\/wp-json\/wp\/v2\/users\/1"}],"replies":[{"embeddable":true,"href":"https:\/\/tanferklinik.com\/fr\/wp-json\/wp\/v2\/comments?post=2772"}],"version-history":[{"count":7,"href":"https:\/\/tanferklinik.com\/fr\/wp-json\/wp\/v2\/pages\/2772\/revisions"}],"predecessor-version":[{"id":3372,"href":"https:\/\/tanferklinik.com\/fr\/wp-json\/wp\/v2\/pages\/2772\/revisions\/3372"}],"wp:attachment":[{"href":"https:\/\/tanferklinik.com\/fr\/wp-json\/wp\/v2\/media?parent=2772"}],"curies":[{"name":"wp","href":"https:\/\/api.w.org\/{rel}","templated":true}]}}