{"id":2788,"date":"2020-06-02T14:06:08","date_gmt":"2020-06-02T11:06:08","guid":{"rendered":"http:\/\/tanferklinik.com\/fr\/?page_id=2788"},"modified":"2023-01-09T16:58:45","modified_gmt":"2023-01-09T13:58:45","slug":"mauvaise-haleine","status":"publish","type":"page","link":"https:\/\/tanferklinik.com\/fr\/mauvaise-haleine","title":{"rendered":"Mauvaise Haleine"},"content":{"rendered":"<div data-elementor-type=\"wp-post\" data-elementor-id=\"2788\" class=\"elementor elementor-2788\" data-elementor-settings=\"[]\">\n\t\t\t<div class=\"elementor-inner\">\n\t\t\t\t<div class=\"elementor-section-wrap\">\n\t\t\t\t\t\t\t<section class=\"elementor-element elementor-element-209b035b elementor-section-boxed elementor-section-height-default elementor-section-height-default elementor-section elementor-top-section\" data-id=\"209b035b\" data-element_type=\"section\" data-settings=\"{&quot;background_background&quot;:&quot;classic&quot;}\">\n\t\t\t\t\t\t<div class=\"elementor-container elementor-column-gap-default\">\n\t\t\t\t<div class=\"elementor-row\">\n\t\t\t\t<div class=\"elementor-element elementor-element-115c96a elementor-column elementor-col-50 elementor-top-column\" data-id=\"115c96a\" data-element_type=\"column\">\n\t\t\t<div class=\"elementor-column-wrap  elementor-element-populated\">\n\t\t\t\t\t<div class=\"elementor-widget-wrap\">\n\t\t\t\t<section class=\"elementor-element elementor-element-7ce90387 elementor-section-boxed elementor-section-height-default elementor-section-height-default elementor-section elementor-inner-section\" data-id=\"7ce90387\" data-element_type=\"section\" data-settings=\"{&quot;background_background&quot;:&quot;classic&quot;}\">\n\t\t\t\t\t\t<div class=\"elementor-container elementor-column-gap-no\">\n\t\t\t\t<div class=\"elementor-row\">\n\t\t\t\t<div class=\"elementor-element elementor-element-21cfc72b elementor-column elementor-col-100 elementor-inner-column\" data-id=\"21cfc72b\" data-element_type=\"column\">\n\t\t\t<div class=\"elementor-column-wrap  elementor-element-populated\">\n\t\t\t\t\t<div class=\"elementor-widget-wrap\">\n\t\t\t\t<div class=\"elementor-element elementor-element-6c583e1c arrow_position-inside grid_gap-0 elementor-widget elementor-widget-gt3-core-teamcarousel\" data-id=\"6c583e1c\" data-element_type=\"widget\" data-widget_type=\"gt3-core-teamcarousel.default\">\n\t\t\t\t<div class=\"elementor-widget-container\">\n\t\t\t\t<div data-settings=\"{&quot;fade&quot;:false,&quot;autoplay&quot;:false,&quot;items_per_line&quot;:1,&quot;autoplaySpeed&quot;:4000,&quot;dots&quot;:false,&quot;arrows&quot;:true,&quot;centerMode&quot;:false,&quot;l10n&quot;:{&quot;prev&quot;:&quot;Prev&quot;,&quot;next&quot;:&quot;Next&quot;}}\" class=\"module_team type2\">\n\t\t<div class=\"shortcode_team\">\n\t\t\t<div class=\"items1\">\n\t\t\t\t\t\t\t\t<ul class=\"item_list gt3_clear\">\n\t\t\t\t\t<li class=\"item-team-member agiz-dis-ve-cene-cerrahisi\"><div class=\"item_wrapper\"><div class=\"item\"><div class=\"team_img featured_img\"><img decoding=\"async\" src=\"https:\/\/tanferklinik.com\/fr\/wp-content\/uploads\/2020\/04\/dr-nihat-tanfer1-1600x1600.jpg\" srcset=\"https:\/\/tanferklinik.com\/fr\/wp-content\/uploads\/2020\/04\/dr-nihat-tanfer1-1920x1920.jpg 1920w,  https:\/\/tanferklinik.com\/fr\/wp-content\/uploads\/2020\/04\/dr-nihat-tanfer1-1600x1600.jpg 1600w,  https:\/\/tanferklinik.com\/fr\/wp-content\/uploads\/2020\/04\/dr-nihat-tanfer1-1200x1200.jpg 1200w,  https:\/\/tanferklinik.com\/fr\/wp-content\/uploads\/2020\/04\/dr-nihat-tanfer1-992x992.jpg 992w,  https:\/\/tanferklinik.com\/fr\/wp-content\/uploads\/2020\/04\/dr-nihat-tanfer1-768x768.jpg 768w,  https:\/\/tanferklinik.com\/fr\/wp-content\/uploads\/2020\/04\/dr-nihat-tanfer1-600x600.jpg 600w, https:\/\/tanferklinik.com\/fr\/wp-content\/uploads\/2020\/04\/dr-nihat-tanfer1-420x420.jpg 420w\" sizes=\"(min-width: 1600px) 1920px, (min-width: 1200px) 1600px, (min-width: 992px) 1200px, (min-width: 768px) 992px, (min-width: 600px) 768px, (min-width: 420px) 600px, (max-width: 600px) 420px\" title=\"dr-nihat-tanfer1\" alt=\"dr-nihat-tanfer1\" \/><\/div><div class=\"team-infobox\"><div class=\"team_title\"><div class=\"team_title_wrapper\"><h3 class=\"team_title__text\">Dr. Nihat TANFER<\/h3><\/div><\/div><\/div><div class=\"team_item_hover\"><div class=\"team_title\"><div class=\"team_title_wrapper\"><h3 class=\"team_title__text\">Dr. Nihat TANFER<\/h3><\/div><\/div><\/div><\/div><\/div><\/li><li class=\"item-team-member dis-hekimi\"><div class=\"item_wrapper\"><div class=\"item\"><div class=\"team_img featured_img\"><img decoding=\"async\" src=\"https:\/\/tanferklinik.com\/fr\/wp-content\/uploads\/2020\/04\/dr-cemile-yavuz-erdemir1-1600x1600.jpg\" srcset=\"https:\/\/tanferklinik.com\/fr\/wp-content\/uploads\/2020\/04\/dr-cemile-yavuz-erdemir1-1920x1920.jpg 1920w,  https:\/\/tanferklinik.com\/fr\/wp-content\/uploads\/2020\/04\/dr-cemile-yavuz-erdemir1-1600x1600.jpg 1600w,  https:\/\/tanferklinik.com\/fr\/wp-content\/uploads\/2020\/04\/dr-cemile-yavuz-erdemir1-1200x1200.jpg 1200w,  https:\/\/tanferklinik.com\/fr\/wp-content\/uploads\/2020\/04\/dr-cemile-yavuz-erdemir1-992x992.jpg 992w,  https:\/\/tanferklinik.com\/fr\/wp-content\/uploads\/2020\/04\/dr-cemile-yavuz-erdemir1-768x768.jpg 768w,  https:\/\/tanferklinik.com\/fr\/wp-content\/uploads\/2020\/04\/dr-cemile-yavuz-erdemir1-600x600.jpg 600w, https:\/\/tanferklinik.com\/fr\/wp-content\/uploads\/2020\/04\/dr-cemile-yavuz-erdemir1-420x420.jpg 420w\" sizes=\"(min-width: 1600px) 1920px, (min-width: 1200px) 1600px, (min-width: 992px) 1200px, (min-width: 768px) 992px, (min-width: 600px) 768px, (min-width: 420px) 600px, (max-width: 600px) 420px\" title=\"dr-cemile-yavuz-erdemir1\" alt=\"dr-cemile-yavuz-erdemir1\" \/><\/div><div class=\"team-infobox\"><div class=\"team_title\"><div class=\"team_title_wrapper\"><h3 class=\"team_title__text\">Dt. Cemile Y. ERDEM\u0130R<\/h3><\/div><\/div><\/div><div class=\"team_item_hover\"><div class=\"team_title\"><div class=\"team_title_wrapper\"><h3 class=\"team_title__text\">Dt. Cemile Y. ERDEM\u0130R<\/h3><\/div><\/div><\/div><\/div><\/div><\/li><li class=\"item-team-member dis-hekimi\"><div class=\"item_wrapper\"><div class=\"item\"><div class=\"team_img featured_img\"><img decoding=\"async\" src=\"https:\/\/tanferklinik.com\/fr\/wp-content\/uploads\/2020\/06\/dt-zeynep-yilmaz-1-1600x1600.jpg\" srcset=\"https:\/\/tanferklinik.com\/fr\/wp-content\/uploads\/2020\/06\/dt-zeynep-yilmaz-1-1920x1920.jpg 1920w,  https:\/\/tanferklinik.com\/fr\/wp-content\/uploads\/2020\/06\/dt-zeynep-yilmaz-1-1600x1600.jpg 1600w,  https:\/\/tanferklinik.com\/fr\/wp-content\/uploads\/2020\/06\/dt-zeynep-yilmaz-1-1200x1200.jpg 1200w,  https:\/\/tanferklinik.com\/fr\/wp-content\/uploads\/2020\/06\/dt-zeynep-yilmaz-1-992x992.jpg 992w,  https:\/\/tanferklinik.com\/fr\/wp-content\/uploads\/2020\/06\/dt-zeynep-yilmaz-1-768x768.jpg 768w,  https:\/\/tanferklinik.com\/fr\/wp-content\/uploads\/2020\/06\/dt-zeynep-yilmaz-1-600x600.jpg 600w, https:\/\/tanferklinik.com\/fr\/wp-content\/uploads\/2020\/06\/dt-zeynep-yilmaz-1-420x420.jpg 420w\" sizes=\"(min-width: 1600px) 1920px, (min-width: 1200px) 1600px, (min-width: 992px) 1200px, (min-width: 768px) 992px, (min-width: 600px) 768px, (min-width: 420px) 600px, (max-width: 600px) 420px\" title=\"dt-zeynep-yilmaz-1\" alt=\"dt-zeynep-yilmaz-1\" \/><\/div><div class=\"team-infobox\"><div class=\"team_title\"><div class=\"team_title_wrapper\"><h3 class=\"team_title__text\">Dt. Zeynep Y\u0131lmaz<\/h3><\/div><\/div><\/div><div class=\"team_item_hover\"><div class=\"team_title\"><div class=\"team_title_wrapper\"><h3 class=\"team_title__text\">Dt. Zeynep Y\u0131lmaz<\/h3><\/div><\/div><\/div><\/div><\/div><\/li>\t\t\t\t<\/ul>\n\t\t\t\t<div class=\"clear\"><\/div>\n\t\t\t<\/div>\n\t\t<\/div>\n\t<\/div>\n\t\t<\/div>\n\t\t\t\t<\/div>\n\t\t\t\t\t\t<\/div>\n\t\t\t<\/div>\n\t\t<\/div>\n\t\t\t\t\t\t<\/div>\n\t\t\t<\/div>\n\t\t<\/section>\n\t\t\t\t<section class=\"elementor-element elementor-element-17b69a6 elementor-section-boxed elementor-section-height-default elementor-section-height-default elementor-section elementor-inner-section\" data-id=\"17b69a6\" data-element_type=\"section\" data-settings=\"{&quot;background_background&quot;:&quot;classic&quot;}\">\n\t\t\t\t\t\t<div class=\"elementor-container elementor-column-gap-no\">\n\t\t\t\t<div class=\"elementor-row\">\n\t\t\t\t<div class=\"elementor-element elementor-element-61e8fe9 elementor-column elementor-col-100 elementor-inner-column\" data-id=\"61e8fe9\" data-element_type=\"column\">\n\t\t\t<div class=\"elementor-column-wrap  elementor-element-populated\">\n\t\t\t\t\t<div class=\"elementor-widget-wrap\">\n\t\t\t\t<div class=\"elementor-element-custom_font_size elementor-element-custom_font_weight elementor-element-custom_color elementor-element elementor-element-d13aed4 elementor-widget elementor-widget-text-editor\" data-id=\"d13aed4\" data-element_type=\"widget\" data-widget_type=\"text-editor.default\">\n\t\t\t\t<div class=\"elementor-widget-container\">\n\t\t\t\t\t<div class=\"elementor-text-editor elementor-clearfix\"><h2>Contacter<\/h2><\/div>\n\t\t\t\t<\/div>\n\t\t\t\t<\/div>\n\t\t\t\t<div class=\"elementor-element elementor-element-20b0832 elementor-widget elementor-widget-shortcode\" data-id=\"20b0832\" data-element_type=\"widget\" data-widget_type=\"shortcode.default\">\n\t\t\t\t<div class=\"elementor-widget-container\">\n\t\t\t\t\t<div class=\"elementor-shortcode\">\n<div class=\"wpcf7 no-js\" id=\"wpcf7-f5-o1\" lang=\"tr-TR\" dir=\"ltr\">\n<div class=\"screen-reader-response\"><p role=\"status\" aria-live=\"polite\" aria-atomic=\"true\"><\/p> <ul><\/ul><\/div>\n<form action=\"\/fr\/wp-json\/wp\/v2\/pages\/2788#wpcf7-f5-o1\" method=\"post\" class=\"wpcf7-form init\" aria-label=\"Contact form\" novalidate=\"novalidate\" data-status=\"init\">\n<div style=\"display: none;\">\n<input type=\"hidden\" name=\"_wpcf7\" value=\"5\" \/>\n<input type=\"hidden\" name=\"_wpcf7_version\" value=\"5.7.3\" \/>\n<input type=\"hidden\" name=\"_wpcf7_locale\" value=\"tr_TR\" \/>\n<input type=\"hidden\" name=\"_wpcf7_unit_tag\" value=\"wpcf7-f5-o1\" \/>\n<input type=\"hidden\" name=\"_wpcf7_container_post\" value=\"0\" \/>\n<input type=\"hidden\" name=\"_wpcf7_posted_data_hash\" value=\"\" \/>\n<\/div>\n<p><label> Nom<br \/>\n<span class=\"wpcf7-form-control-wrap\" data-name=\"adi\"><input size=\"40\" class=\"wpcf7-form-control wpcf7-text wpcf7-validates-as-required\" aria-required=\"true\" aria-invalid=\"false\" value=\"\" type=\"text\" name=\"adi\" \/><\/span> <\/label>\n<\/p>\n<p><label> Courrier<br \/>\n<span class=\"wpcf7-form-control-wrap\" data-name=\"mail\"><input size=\"40\" class=\"wpcf7-form-control wpcf7-text wpcf7-email wpcf7-validates-as-required wpcf7-validates-as-email\" aria-required=\"true\" aria-invalid=\"false\" value=\"\" type=\"email\" name=\"mail\" \/><\/span> <\/label>\n<\/p>\n<p><label> Mati\u00e8re<br \/>\n<span class=\"wpcf7-form-control-wrap\" data-name=\"konu\"><input size=\"40\" class=\"wpcf7-form-control wpcf7-text\" aria-invalid=\"false\" value=\"\" type=\"text\" name=\"konu\" \/><\/span> <\/label>\n<\/p>\n<p><label> Votre Message<br \/>\n<span class=\"wpcf7-form-control-wrap\" data-name=\"mesaj\"><textarea cols=\"40\" rows=\"10\" class=\"wpcf7-form-control wpcf7-textarea\" aria-invalid=\"false\" name=\"mesaj\"><\/textarea><\/span> <\/label>\n<\/p>\n<p><input class=\"wpcf7-form-control has-spinner wpcf7-submit\" type=\"submit\" value=\"Envoyer\" \/>\n<\/p><div class=\"wpcf7-response-output\" aria-hidden=\"true\"><\/div>\n<\/form>\n<\/div>\n<\/div>\n\t\t\t\t<\/div>\n\t\t\t\t<\/div>\n\t\t\t\t\t\t<\/div>\n\t\t\t<\/div>\n\t\t<\/div>\n\t\t\t\t\t\t<\/div>\n\t\t\t<\/div>\n\t\t<\/section>\n\t\t\t\t<section class=\"elementor-element elementor-element-4e724df0 elementor-hidden-tablet elementor-hidden-phone elementor-section-boxed elementor-section-height-default elementor-section-height-default elementor-section elementor-inner-section\" data-id=\"4e724df0\" data-element_type=\"section\" data-settings=\"{&quot;background_background&quot;:&quot;classic&quot;}\">\n\t\t\t\t\t\t<div class=\"elementor-container elementor-column-gap-no\">\n\t\t\t\t<div class=\"elementor-row\">\n\t\t\t\t<div class=\"elementor-element elementor-element-7d0fe9fa elementor-column elementor-col-100 elementor-inner-column\" data-id=\"7d0fe9fa\" data-element_type=\"column\">\n\t\t\t<div class=\"elementor-column-wrap  elementor-element-populated\">\n\t\t\t\t\t<div class=\"elementor-widget-wrap\">\n\t\t\t\t<div class=\"elementor-element elementor-element-4b84899c elementor-widget elementor-widget-sidebar\" data-id=\"4b84899c\" data-element_type=\"widget\" data-widget_type=\"sidebar.default\">\n\t\t\t\t<div class=\"elementor-widget-container\">\n\t\t\t<div id=\"text-17\" class=\"widget gt3_widget open widget_text\">\t\t\t<div class=\"textwidget\"><h2 style=\"color: #244292; font-size: 23px; margin-top: 15px; margin-bottom: 15px;\">LA SANT\u00c9 DENTAIRE<\/h2>\n<p><a style=\"color: #fff; line-height: 31px; font-weight: 600; letter-spacing: 1.7px;\" href=\"https:\/\/tanferklinik.com\/fr\/les-dents-manquantes\">LES DENTS MANQUANTES<\/a><br \/>\n<a style=\"color: #fff; line-height: 31px; font-size: 13px; font-weight: 600; letter-spacing: 1.7px;\" href=\"https:\/\/tanferklinik.com\/fr\/soins-de-la-prothese\">SOINS DE LA PROTHESE<\/a><br \/>\n<a style=\"color: #fff; line-height: 31px; font-size: 13px; font-weight: 600; letter-spacing: 1.7px;\" href=\"https:\/\/tanferklinik.com\/fr\/peur-du-dentiste\">PEUR DU DENTISTE<\/a><br \/>\n<a style=\"color: #fff; line-height: 31px; font-size: 13px; font-weight: 600; letter-spacing: 1.7px;\" href=\"https:\/\/tanferklinik.com\/fr\/mal-aux-dents\">MAL AUX DENTS<\/a><br \/>\n<a style=\"color: #fff; line-height: 31px; font-size: 13px; font-weight: 600; letter-spacing: 1.7px;\" href=\"https:\/\/tanferklinik.com\/fr\/grossesse\">GROSSESSE<\/a><br \/>\n<a style=\"color: #fff; line-height: 31px; font-size: 13px; font-weight: 600; letter-spacing: 1.7px;\" href=\"https:\/\/tanferklinik.com\/fr\/mauvaise-haleine\">MAUVAISE HALEINE<\/a><br \/>\n<a style=\"color: #fff; line-height: 31px; font-size: 13px; font-weight: 600; letter-spacing: 1.7px;\" href=\"https:\/\/tanferklinik.com\/fr\/fil-dentaire\">FIL DENTAIRE<\/a><br \/>\n<a style=\"color: #fff; line-height: 31px; font-size: 13px; font-weight: 600; letter-spacing: 1.7px;\" href=\"https:\/\/tanferklinik.com\/fr\/fracture-dentaire\">FRACTURE DENTAIRE<\/a><br \/>\n<a style=\"color: #fff; line-height: 31px; font-size: 13px; font-weight: 600; letter-spacing: 1.7px;\" href=\"https:\/\/tanferklinik.com\/fr\/le-bruxisme\">LE BRUXISME<\/a><br \/>\n<a style=\"color: #fff; line-height: 31px; font-size: 13px; font-weight: 600; letter-spacing: 1.7px;\" href=\"https:\/\/tanferklinik.com\/fr\/tartre\">TARTRE<\/a><br \/>\n<a style=\"color: #fff; line-height: 31px; font-size: 13px; font-weight: 600; letter-spacing: 1.7px;\" href=\"https:\/\/tanferklinik.com\/fr\/sensibilite-dentaire\">SENSIBILITE DENTAIRE<\/a><br \/>\n<a style=\"color: #fff; line-height: 31px; font-size: 13px; font-weight: 600; letter-spacing: 1.7px;\" href=\"https:\/\/tanferklinik.com\/fr\/soins-bucco-dentaires\">SOINS BUCCO \u2013 DENTAIRES<\/a><br \/>\n<a style=\"color: #fff; line-height: 31px; font-size: 13px; font-weight: 600; letter-spacing: 1.7px;\" href=\"https:\/\/tanferklinik.com\/fr\/aphtes\">APHTES<\/a><br \/>\n<a style=\"color: #fff; line-height: 31px; font-size: 13px; font-weight: 600; letter-spacing: 1.7px;\" href=\"https:\/\/tanferklinik.com\/fr\/dentisterie-pediatrique-pedodontie\">DENTISTERIE PEDIATRIQUE (PEDODONTIE)<\/a><br \/>\n<a style=\"color: #fff; line-height: 31px; font-size: 13px; font-weight: 600; letter-spacing: 1.7px;\" href=\"https:\/\/tanferklinik.com\/fr\/cancer-de-la-bouche\">CANCER DE LA BOUCHE<\/a><\/p>\n<\/div>\n\t\t<\/div>\t\t<\/div>\n\t\t\t\t<\/div>\n\t\t\t\t\t\t<\/div>\n\t\t\t<\/div>\n\t\t<\/div>\n\t\t\t\t\t\t<\/div>\n\t\t\t<\/div>\n\t\t<\/section>\n\t\t\t\t\t\t<\/div>\n\t\t\t<\/div>\n\t\t<\/div>\n\t\t\t\t<div class=\"elementor-element elementor-element-e3593b7 elementor-column elementor-col-50 elementor-top-column\" data-id=\"e3593b7\" data-element_type=\"column\">\n\t\t\t<div class=\"elementor-column-wrap  elementor-element-populated\">\n\t\t\t\t\t<div class=\"elementor-widget-wrap\">\n\t\t\t\t<div class=\"elementor-element elementor-element-39d89ad elementor-widget elementor-widget-spacer\" data-id=\"39d89ad\" data-element_type=\"widget\" data-widget_type=\"spacer.default\">\n\t\t\t\t<div class=\"elementor-widget-container\">\n\t\t\t\t\t<div class=\"elementor-spacer\">\n\t\t\t<div class=\"elementor-spacer-inner\"><\/div>\n\t\t<\/div>\n\t\t\t\t<\/div>\n\t\t\t\t<\/div>\n\t\t\t\t<div class=\"elementor-element-custom_font_size elementor-element-custom_font_size_mobile elementor-element-custom_line_height elementor-element-custom_font_weight elementor-element elementor-element-359353d elementor-widget elementor-widget-text-editor\" data-id=\"359353d\" data-element_type=\"widget\" data-widget_type=\"text-editor.default\">\n\t\t\t\t<div class=\"elementor-widget-container\">\n\t\t\t\t\t<div class=\"elementor-text-editor elementor-clearfix\"><h1 class=\"thsn-tbar-title\">MAUVAISE HALEINE<\/h1><\/div>\n\t\t\t\t<\/div>\n\t\t\t\t<\/div>\n\t\t\t\t<section class=\"elementor-element elementor-element-7999eee elementor-section-boxed elementor-section-height-default elementor-section-height-default elementor-section elementor-inner-section\" data-id=\"7999eee\" data-element_type=\"section\">\n\t\t\t\t\t\t<div class=\"elementor-container elementor-column-gap-default\">\n\t\t\t\t<div class=\"elementor-row\">\n\t\t\t\t<div class=\"elementor-element elementor-element-9b6bd3a elementor-column elementor-col-100 elementor-inner-column\" data-id=\"9b6bd3a\" data-element_type=\"column\">\n\t\t\t<div class=\"elementor-column-wrap  elementor-element-populated\">\n\t\t\t\t\t<div class=\"elementor-widget-wrap\">\n\t\t\t\t<div class=\"elementor-element elementor-element-64f7d7b elementor-widget elementor-widget-spacer\" data-id=\"64f7d7b\" data-element_type=\"widget\" data-widget_type=\"spacer.default\">\n\t\t\t\t<div class=\"elementor-widget-container\">\n\t\t\t\t\t<div class=\"elementor-spacer\">\n\t\t\t<div class=\"elementor-spacer-inner\"><\/div>\n\t\t<\/div>\n\t\t\t\t<\/div>\n\t\t\t\t<\/div>\n\t\t\t\t<div class=\"elementor-element elementor-element-32865ee elementor-widget elementor-widget-text-editor\" data-id=\"32865ee\" data-element_type=\"widget\" data-widget_type=\"text-editor.default\">\n\t\t\t\t<div class=\"elementor-widget-container\">\n\t\t\t\t\t<div class=\"elementor-text-editor elementor-clearfix\"><p>La mauvaise haleine ou halitose, peut \u00eatre embarrassante et di\ufb03cile pour ceux qui vous entourent. Parfois elle peut \u00eatre un v\u00e9ritable handicap social. Certaines personnes ne se rendent pas compte que leur haleine est d\u00e9rangeante et il n\u2019est pas toujours facile de le faire remarquer.<\/p><h3>Les raisons:<\/h3><ul><li>Les caries ou maladies des gencives peuvent entrainer une mauvaise haleine.<\/li><li>Lorsque les amygdales ont pi\u00e9g\u00e9es des particules de nourriture.<\/li><li>Le diab\u00e8te, les maladies du foie, les infections des voies respiratoires et les bronchites chroniques.<\/li><li>La mauvaise haleine est souvent caus\u00e9e par une accumulation de bact\u00e9ries, ce qui provoque une in\ufb02ammation et d\u00e9gage des odeurs nocives ou des gaz qui sentent le soufre \u2013 ou pire.<\/li><li>Les maladies parodontale, infection, maladies des muqueuses et cancer de la bouche.<\/li><li>Anomalie oropharyng\u00e9es.<\/li><li>Stress, m\u00e9dicaments, syndrome de Sj\u00f6gren, avitaminose (carence en vitamine).<\/li><li>Obstrcution nasale, maladie respiratoire.<\/li><li>Troubles gastro-intestinaux.<\/li><li>Insu\ufb03sance r\u00e9nale chronique, maladies auto-immunes.<\/li><li>Maladies h\u00e9matologiques.<\/li><li>Raisons psychologiques.<\/li><li>Faim et nourriture consomm\u00e9e (aliments riches en prot\u00e9ines, oignon, ail, radis, \u00e9pices, caf\u00e9, alcool).<\/li><li>Mauvaise hygi\u00e8ne buccale.<\/li><li>Tabagisme chronique.<\/li><\/ul><h3>Traiter la mauvaise odeur:<\/h3><p>A notre clinique, des \u00e9quipements sp\u00e9ciaux sont utilis\u00e9s a\ufb01n de d\u00e9terminer le niveau de votre mauvaise haleine. Le traitement de la mauvaise odeur caus\u00e9e par la bouche sera pr\u00e9par\u00e9\u00a0 individuellement et consistera g\u00e9n\u00e9ralement \u00e0 abolir les pr\u00e9occupations nutritionnelles dans la<br \/>bouche, \u00e0 nettoyer les infections et \u00e0 d\u00e9sint\u00e9grer les dents et \u00e0 r\u00e9duire le nombre de bact\u00e9ries plac\u00e9es dans la bouche par les soins buccaux. Dans un sens, ces traitements ont \u00e9t\u00e9 r\u00e9alis\u00e9s \u00e0 notre clinique et d\u2019autre part nous pouvons nous procurer pour abolir compl\u00e8tement l\u2019halitose par des applications de soins buccaux et des formations.<\/p><\/div>\n\t\t\t\t<\/div>\n\t\t\t\t<\/div>\n\t\t\t\t\t\t<\/div>\n\t\t\t<\/div>\n\t\t<\/div>\n\t\t\t\t\t\t<\/div>\n\t\t\t<\/div>\n\t\t<\/section>\n\t\t\t\t<div class=\"elementor-element elementor-element-0afeec5 elementor-widget elementor-widget-spacer\" data-id=\"0afeec5\" data-element_type=\"widget\" data-widget_type=\"spacer.default\">\n\t\t\t\t<div class=\"elementor-widget-container\">\n\t\t\t\t\t<div class=\"elementor-spacer\">\n\t\t\t<div class=\"elementor-spacer-inner\"><\/div>\n\t\t<\/div>\n\t\t\t\t<\/div>\n\t\t\t\t<\/div>\n\t\t\t\t\t\t<\/div>\n\t\t\t<\/div>\n\t\t<\/div>\n\t\t\t\t\t\t<\/div>\n\t\t\t<\/div>\n\t\t<\/section>\n\t\t\t\t\t\t<\/div>\n\t\t\t<\/div>\n\t\t<\/div>","protected":false},"excerpt":{"rendered":"<p>Dt. Cemile Y. ERDEM\u0130R Dt. Cemile Y. ERDEM\u0130R Dr. Elif S. MERGEN Dr. Elif S. MERGEN Dr. Hakan KAYA Dr. Hakan KAYA Dr. Nihat TANFER Dr. Nihat TANFER Contacter MAUVAISE HALEINE La mauvaise haleine ou halitose, peut \u00eatre embarrassante et di\ufb03cile pour ceux qui vous entourent. Parfois elle peut \u00eatre un v\u00e9ritable handicap social. Certaines [&hellip;]<\/p>","protected":false},"author":1,"featured_media":0,"parent":0,"menu_order":73,"comment_status":"closed","ping_status":"closed","template":"","meta":[],"aioseo_notices":[],"_links":{"self":[{"href":"https:\/\/tanferklinik.com\/fr\/wp-json\/wp\/v2\/pages\/2788"}],"collection":[{"href":"https:\/\/tanferklinik.com\/fr\/wp-json\/wp\/v2\/pages"}],"about":[{"href":"https:\/\/tanferklinik.com\/fr\/wp-json\/wp\/v2\/types\/page"}],"author":[{"embeddable":true,"href":"https:\/\/tanferklinik.com\/fr\/wp-json\/wp\/v2\/users\/1"}],"replies":[{"embeddable":true,"href":"https:\/\/tanferklinik.com\/fr\/wp-json\/wp\/v2\/comments?post=2788"}],"version-history":[{"count":8,"href":"https:\/\/tanferklinik.com\/fr\/wp-json\/wp\/v2\/pages\/2788\/revisions"}],"predecessor-version":[{"id":3387,"href":"https:\/\/tanferklinik.com\/fr\/wp-json\/wp\/v2\/pages\/2788\/revisions\/3387"}],"wp:attachment":[{"href":"https:\/\/tanferklinik.com\/fr\/wp-json\/wp\/v2\/media?parent=2788"}],"curies":[{"name":"wp","href":"https:\/\/api.w.org\/{rel}","templated":true}]}}