{"id":233,"date":"2019-07-16T09:25:50","date_gmt":"2019-07-16T09:25:50","guid":{"rendered":"https:\/\/livewp.site\/wp\/md\/sirona\/?page_id=233"},"modified":"2025-04-15T12:06:58","modified_gmt":"2025-04-15T09:06:58","slug":"chi-siamo","status":"publish","type":"page","link":"https:\/\/tanferklinik.com\/it\/chi-siamo","title":{"rendered":"Chi Siamo"},"content":{"rendered":"<div data-elementor-type=\"wp-post\" data-elementor-id=\"233\" class=\"elementor elementor-233\" data-elementor-settings=\"[]\">\n\t\t\t<div class=\"elementor-inner\">\n\t\t\t\t<div class=\"elementor-section-wrap\">\n\t\t\t\t\t\t\t<section class=\"elementor-element elementor-element-209b035b elementor-section-boxed elementor-section-height-default elementor-section-height-default elementor-section elementor-top-section\" data-id=\"209b035b\" data-element_type=\"section\" data-settings=\"{&quot;background_background&quot;:&quot;classic&quot;}\">\n\t\t\t\t\t\t<div class=\"elementor-container elementor-column-gap-default\">\n\t\t\t\t<div class=\"elementor-row\">\n\t\t\t\t<div class=\"elementor-element elementor-element-e3593b7 elementor-column elementor-col-100 elementor-top-column\" data-id=\"e3593b7\" data-element_type=\"column\">\n\t\t\t<div class=\"elementor-column-wrap  elementor-element-populated\">\n\t\t\t\t\t<div class=\"elementor-widget-wrap\">\n\t\t\t\t<div class=\"elementor-element elementor-element-39d89ad elementor-widget elementor-widget-spacer\" data-id=\"39d89ad\" data-element_type=\"widget\" data-widget_type=\"spacer.default\">\n\t\t\t\t<div class=\"elementor-widget-container\">\n\t\t\t\t\t<div class=\"elementor-spacer\">\n\t\t\t<div class=\"elementor-spacer-inner\"><\/div>\n\t\t<\/div>\n\t\t\t\t<\/div>\n\t\t\t\t<\/div>\n\t\t\t\t<section class=\"elementor-element elementor-element-7999eee elementor-section-boxed elementor-section-height-default elementor-section-height-default elementor-section elementor-inner-section\" data-id=\"7999eee\" data-element_type=\"section\">\n\t\t\t\t\t\t<div class=\"elementor-container elementor-column-gap-default\">\n\t\t\t\t<div class=\"elementor-row\">\n\t\t\t\t<div class=\"elementor-element elementor-element-9b6bd3a elementor-column elementor-col-100 elementor-inner-column\" data-id=\"9b6bd3a\" data-element_type=\"column\">\n\t\t\t<div class=\"elementor-column-wrap  elementor-element-populated\">\n\t\t\t\t\t<div class=\"elementor-widget-wrap\">\n\t\t\t\t<div class=\"elementor-element elementor-element-32865ee elementor-widget elementor-widget-text-editor\" data-id=\"32865ee\" data-element_type=\"widget\" data-widget_type=\"text-editor.default\">\n\t\t\t\t<div class=\"elementor-widget-container\">\n\t\t\t\t\t<div class=\"elementor-text-editor elementor-clearfix\"><p data-start=\"152\" data-end=\"353\">\u00a0<\/p><p><span style=\"font-weight: normal;\">La Tanfer Clinic \u00e8 stata fondata nel 1981 dal Dr. Med. Dent. Nihat Tanfer. Da allora, trattiamo con successo pazienti nell\u2019ambito della chirurgia orale, dentale e maxillo-facciale, implantologia, estetica dentale e protesi.<\/span><\/p><p style=\"margin-bottom: 0px; font-variant-numeric: normal; font-variant-east-asian: normal; font-variant-alternates: normal; font-size-adjust: none; font-kerning: auto; font-optical-sizing: auto; font-feature-settings: normal; font-variation-settings: normal; font-variant-position: normal; font-variant-emoji: normal; font-stretch: normal; font-size: 13px; line-height: normal; font-family: 'Helvetica Neue'; min-height: 15px; color: #000000;\">\u00a0<\/p><p>Dal 1985 applichiamo con successo trattamenti implantari, e dal 1990 realizziamo corone estetiche in porcellana o zirconio, faccette in ceramica e innesti ossei.<\/p><p style=\"margin-bottom: 0px; font-variant-numeric: normal; font-variant-east-asian: normal; font-variant-alternates: normal; font-size-adjust: none; font-kerning: auto; font-optical-sizing: auto; font-feature-settings: normal; font-variation-settings: normal; font-variant-position: normal; font-variant-emoji: normal; font-stretch: normal; font-size: 13px; line-height: normal; font-family: 'Helvetica Neue'; min-height: 15px; color: #000000;\">\u00a0<\/p><p>Nel 2012, per la prima volta in Turchia, abbiamo introdotto l\u2019operazione di Osteobioregenerazione (Tecnica Box), una nuova tecnica rigenerativa ossea guidata sia dal punto di vista protesico che estetico. Questa innovativa metodologia offre ai pazienti la possibilit\u00e0 di ricostruire e rigenerare le parti di osso mascellare perdute.<\/p><p>\u00a0<\/p><p>La Tecnica Box \u00e8 particolarmente efficace perch\u00e9 consente di aggiungere volume tridimensionale all\u2019osso mascellare, facilitando cos\u00ec l\u2019inserimento degli impianti e garantendo una solida ricostruzione ossea. I nuovi denti vengono applicati sugli impianti inseriti durante l\u2019intervento dopo un periodo di guarigione di sei mesi.<\/p><p style=\"margin-bottom: 0px; font-variant-numeric: normal; font-variant-east-asian: normal; font-variant-alternates: normal; font-size-adjust: none; font-kerning: auto; font-optical-sizing: auto; font-feature-settings: normal; font-variation-settings: normal; font-variant-position: normal; font-variant-emoji: normal; font-stretch: normal; font-size: 13px; line-height: normal; font-family: 'Helvetica Neue'; min-height: 15px; color: #000000;\">\u00a0<\/p><p>La nostra clinica si trova a \u0130stanbul, nel quartiere di Ni\u015fanta\u015f\u0131, in Rumeli Caddesi. \u00c8 situata in un edificio di tre piani, con sette unit\u00e0 operative, una sala chirurgica e sette chirurghi dentisti specializzati. Offriamo un servizio VIP a pazienti sia locali che internazionali.<\/p><p>\u00a0<\/p><p>Il nostro team di specialisti e il personale della clinica offrono assistenza in tutte le lingue.<\/p><p>Utilizziamo impianti di altissima qualit\u00e0, realizzati in titanio puro, provenienti da:<\/p><p>\u00a0<\/p><p><strong><span style=\"white-space: pre;\"> <\/span>\u2022<span style=\"white-space: pre;\"> <\/span>Bego (Germania)<\/strong><\/p><p><strong><span style=\"white-space: pre;\"> <\/span>\u2022<span style=\"white-space: pre;\"> <\/span>Hiossen (USA)<\/strong><\/p><p><strong><span style=\"white-space: pre;\"> <\/span>\u2022<span style=\"white-space: pre;\"> <\/span>Osstem (Corea del Sud)<\/strong><\/p><p style=\"margin-bottom: 0px; font-variant-numeric: normal; font-variant-east-asian: normal; font-variant-alternates: normal; font-size-adjust: none; font-kerning: auto; font-optical-sizing: auto; font-feature-settings: normal; font-variation-settings: normal; font-variant-position: normal; font-variant-emoji: normal; font-stretch: normal; font-size: 13px; line-height: normal; font-family: 'Helvetica Neue'; min-height: 15px; color: #000000;\">\u00a0<\/p><p>Grazie alla loro elevata compatibilit\u00e0 biologica con i tessuti, i nostri impianti possono essere utilizzati efficacemente anche in aree con scarsa disponibilit\u00e0 ossea e in tutte le indicazioni cliniche.<\/p><p>\u00a0<\/p><p>Tutti gli impianti vengono sterilizzati con speciali raggi gamma e sono disponibili in diverse lunghezze e diametri. Sono stati progettati dal Dr. Nihat Tanfer per essere impiegati in esclusiva nelle operazioni con la \u201cTecnica Box\u201d e nei casi di carenza ossea mascellare.<\/p><p data-start=\"1163\" data-end=\"1429\">\u00a0<\/p><h3 data-start=\"2177\" data-end=\"2189\">Missione<\/h3><ul><li data-start=\"2191\" data-end=\"2611\">Assicurare che pi\u00f9 pazienti possano beneficiare delle cure orali e dentali della Tanfer Clinic<\/li><li data-start=\"2191\" data-end=\"2611\">Fornire servizi sanitari curativi e preventivi<\/li><li data-start=\"2191\" data-end=\"2611\">Fornire trattamenti esclusivi ai pazienti<\/li><li data-start=\"2191\" data-end=\"2611\">Risolvere rapidamente i problemi per incoraggiare la professionalit\u00e0 e la specializzazione<\/li><li data-start=\"2191\" data-end=\"2611\">Contribuire al progresso della Turchia per presentare la nostra alta qualit\u00e0 ed esperienza ai pazienti<\/li><li data-start=\"2191\" data-end=\"2611\">Essere leader nel nostro campo<\/li><\/ul><h3 data-start=\"2613\" data-end=\"2624\">Visione<\/h3><ul><li data-start=\"2626\" data-end=\"3119\">Promuoviamo la soddisfazione del paziente attraverso trattamenti personalizzati, sicuri e accessibili, garantendo il massimo livello di cura e attenzione.<\/li><li data-start=\"2626\" data-end=\"3119\">Utilizziamo tecnologie all&#8217;avanguardia e investiamo nella formazione costante del nostro team per offrire servizi sempre pi\u00f9 efficaci e allineati agli standard internazionali.<\/li><li data-start=\"2626\" data-end=\"3119\">Agiamo secondo principi etici solidi, valorizzando il lavoro di squadra, la gestione professionale e il nostro ruolo attivo nel contrinuire al benessere della comunit\u00e0.<\/li><\/ul><h3 data-start=\"3121\" data-end=\"3144\">Valori Fondamentali<\/h3><ul><li data-start=\"3146\" data-end=\"3393\">Rispetto dei diritti dei pazienti<\/li><li data-start=\"3146\" data-end=\"3393\">Seguire le regole dell\u2019etica medica<\/li><li data-start=\"3146\" data-end=\"3393\">Onest\u00e0<\/li><li data-start=\"3146\" data-end=\"3393\">Informazione<\/li><li data-start=\"3146\" data-end=\"3393\">Ricerca<\/li><li data-start=\"3146\" data-end=\"3393\">Apertura a nuove idee<\/li><li data-start=\"3146\" data-end=\"3393\">Responsabilit\u00e0<\/li><li data-start=\"3146\" data-end=\"3393\">Sensibilit\u00e0<\/li><li data-start=\"3146\" data-end=\"3393\">Lealt\u00e0<\/li><li data-start=\"3146\" data-end=\"3393\">Trasparenza<\/li><li data-start=\"3146\" data-end=\"3393\">Partecipazione<\/li><li data-start=\"3146\" data-end=\"3393\">Spirito di squadra<\/li><li data-start=\"3146\" data-end=\"3393\">Fiducia in noi stessi<br \/><p class=\"p2\" style=\"margin-bottom: 0px; font-variant-numeric: normal; font-variant-east-asian: normal; font-variant-alternates: normal; font-size-adjust: none; font-kerning: auto; font-optical-sizing: auto; font-feature-settings: normal; font-variation-settings: normal; font-variant-position: normal; font-variant-emoji: normal; font-stretch: normal; font-size: 13px; line-height: normal; font-family: 'Helvetica Neue'; min-height: 15px; color: #000000;\">\u00a0<\/p><p class=\"p1\" style=\"margin-bottom: 0px; font-variant-numeric: normal; font-variant-east-asian: normal; font-variant-alternates: normal; font-size-adjust: none; font-kerning: auto; font-optical-sizing: auto; font-feature-settings: normal; font-variation-settings: normal; font-variant-position: normal; font-variant-emoji: normal; font-stretch: normal; font-size: 13px; line-height: normal; font-family: 'Helvetica Neue'; color: #000000;\">\u00a0<\/p><\/li><\/ul><\/div>\n\t\t\t\t<\/div>\n\t\t\t\t<\/div>\n\t\t\t\t\t\t<\/div>\n\t\t\t<\/div>\n\t\t<\/div>\n\t\t\t\t\t\t<\/div>\n\t\t\t<\/div>\n\t\t<\/section>\n\t\t\t\t<div class=\"elementor-element elementor-element-0afeec5 elementor-widget elementor-widget-spacer\" data-id=\"0afeec5\" data-element_type=\"widget\" data-widget_type=\"spacer.default\">\n\t\t\t\t<div class=\"elementor-widget-container\">\n\t\t\t\t\t<div class=\"elementor-spacer\">\n\t\t\t<div class=\"elementor-spacer-inner\"><\/div>\n\t\t<\/div>\n\t\t\t\t<\/div>\n\t\t\t\t<\/div>\n\t\t\t\t\t\t<\/div>\n\t\t\t<\/div>\n\t\t<\/div>\n\t\t\t\t\t\t<\/div>\n\t\t\t<\/div>\n\t\t<\/section>\n\t\t\t\t\t\t<\/div>\n\t\t\t<\/div>\n\t\t<\/div>","protected":false},"excerpt":{"rendered":"<p>\u00a0 La Tanfer Clinic \u00e8 stata fondata nel 1981 dal Dr. Med. Dent. Nihat Tanfer. Da allora, trattiamo con successo pazienti nell\u2019ambito della chirurgia orale, dentale e maxillo-facciale, implantologia, estetica dentale e protesi. \u00a0 Dal 1985 applichiamo con successo trattamenti implantari, e dal 1990 realizziamo corone estetiche in porcellana o zirconio, faccette in ceramica e [&hellip;]<\/p>","protected":false},"author":1,"featured_media":0,"parent":0,"menu_order":2,"comment_status":"closed","ping_status":"closed","template":"","meta":[],"aioseo_notices":[],"_links":{"self":[{"href":"https:\/\/tanferklinik.com\/it\/wp-json\/wp\/v2\/pages\/233"}],"collection":[{"href":"https:\/\/tanferklinik.com\/it\/wp-json\/wp\/v2\/pages"}],"about":[{"href":"https:\/\/tanferklinik.com\/it\/wp-json\/wp\/v2\/types\/page"}],"author":[{"embeddable":true,"href":"https:\/\/tanferklinik.com\/it\/wp-json\/wp\/v2\/users\/1"}],"replies":[{"embeddable":true,"href":"https:\/\/tanferklinik.com\/it\/wp-json\/wp\/v2\/comments?post=233"}],"version-history":[{"count":50,"href":"https:\/\/tanferklinik.com\/it\/wp-json\/wp\/v2\/pages\/233\/revisions"}],"predecessor-version":[{"id":3694,"href":"https:\/\/tanferklinik.com\/it\/wp-json\/wp\/v2\/pages\/233\/revisions\/3694"}],"wp:attachment":[{"href":"https:\/\/tanferklinik.com\/it\/wp-json\/wp\/v2\/media?parent=233"}],"curies":[{"name":"wp","href":"https:\/\/api.w.org\/{rel}","templated":true}]}}