{"id":2780,"date":"2020-06-02T14:05:59","date_gmt":"2020-06-02T11:05:59","guid":{"rendered":"https:\/\/tanferklinik.com\/it\/?page_id=2780"},"modified":"2025-04-11T14:36:50","modified_gmt":"2025-04-11T11:36:50","slug":"impianto","status":"publish","type":"page","link":"https:\/\/tanferklinik.com\/it\/impianto","title":{"rendered":"Impianto"},"content":{"rendered":"<div data-elementor-type=\"wp-post\" data-elementor-id=\"2780\" class=\"elementor elementor-2780\" data-elementor-settings=\"[]\">\n\t\t\t<div class=\"elementor-inner\">\n\t\t\t\t<div class=\"elementor-section-wrap\">\n\t\t\t\t\t\t\t<section class=\"elementor-element elementor-element-209b035b elementor-section-boxed elementor-section-height-default elementor-section-height-default elementor-section elementor-top-section\" data-id=\"209b035b\" data-element_type=\"section\" data-settings=\"{&quot;background_background&quot;:&quot;classic&quot;}\">\n\t\t\t\t\t\t<div class=\"elementor-container elementor-column-gap-default\">\n\t\t\t\t<div class=\"elementor-row\">\n\t\t\t\t<div class=\"elementor-element elementor-element-943eb4d elementor-column elementor-col-50 elementor-top-column\" data-id=\"943eb4d\" data-element_type=\"column\">\n\t\t\t<div class=\"elementor-column-wrap  elementor-element-populated\">\n\t\t\t\t\t<div class=\"elementor-widget-wrap\">\n\t\t\t\t<section class=\"elementor-element elementor-element-d018c7f elementor-section-boxed elementor-section-height-default elementor-section-height-default elementor-section elementor-inner-section\" data-id=\"d018c7f\" data-element_type=\"section\" data-settings=\"{&quot;background_background&quot;:&quot;classic&quot;}\">\n\t\t\t\t\t\t<div class=\"elementor-container elementor-column-gap-no\">\n\t\t\t\t<div class=\"elementor-row\">\n\t\t\t\t<div class=\"elementor-element elementor-element-e989f35 elementor-column elementor-col-100 elementor-inner-column\" data-id=\"e989f35\" data-element_type=\"column\">\n\t\t\t<div class=\"elementor-column-wrap  elementor-element-populated\">\n\t\t\t\t\t<div class=\"elementor-widget-wrap\">\n\t\t\t\t<div class=\"elementor-element elementor-element-9033695 arrow_position-inside grid_gap-0 elementor-widget elementor-widget-gt3-core-teamcarousel\" data-id=\"9033695\" data-element_type=\"widget\" data-widget_type=\"gt3-core-teamcarousel.default\">\n\t\t\t\t<div class=\"elementor-widget-container\">\n\t\t\t\t<div data-settings=\"{&quot;fade&quot;:false,&quot;autoplay&quot;:false,&quot;items_per_line&quot;:1,&quot;autoplaySpeed&quot;:4000,&quot;dots&quot;:false,&quot;arrows&quot;:true,&quot;centerMode&quot;:false,&quot;l10n&quot;:{&quot;prev&quot;:&quot;Prev&quot;,&quot;next&quot;:&quot;Next&quot;}}\" class=\"module_team type2\">\n\t\t<div class=\"shortcode_team\">\n\t\t\t<div class=\"items1\">\n\t\t\t\t\t\t\t\t<ul class=\"item_list gt3_clear\">\n\t\t\t\t\t<li class=\"item-team-member\"><div class=\"item_wrapper\"><div class=\"item\"><div class=\"team_img featured_img\"><img decoding=\"async\" src=\"https:\/\/tanferklinik.com\/it\/wp-content\/uploads\/2020\/04\/dr-nihat-tanfer1-1600x1600.jpg\" srcset=\"https:\/\/tanferklinik.com\/it\/wp-content\/uploads\/2020\/04\/dr-nihat-tanfer1-1920x1920.jpg 1920w,  https:\/\/tanferklinik.com\/it\/wp-content\/uploads\/2020\/04\/dr-nihat-tanfer1-1600x1600.jpg 1600w,  https:\/\/tanferklinik.com\/it\/wp-content\/uploads\/2020\/04\/dr-nihat-tanfer1-1200x1200.jpg 1200w,  https:\/\/tanferklinik.com\/it\/wp-content\/uploads\/2020\/04\/dr-nihat-tanfer1-992x992.jpg 992w,  https:\/\/tanferklinik.com\/it\/wp-content\/uploads\/2020\/04\/dr-nihat-tanfer1-768x768.jpg 768w,  https:\/\/tanferklinik.com\/it\/wp-content\/uploads\/2020\/04\/dr-nihat-tanfer1-600x600.jpg 600w, https:\/\/tanferklinik.com\/it\/wp-content\/uploads\/2020\/04\/dr-nihat-tanfer1-420x420.jpg 420w\" sizes=\"(min-width: 1600px) 1920px, (min-width: 1200px) 1600px, (min-width: 992px) 1200px, (min-width: 768px) 992px, (min-width: 600px) 768px, (min-width: 420px) 600px, (max-width: 600px) 420px\" title=\"dr-nihat-tanfer1\" alt=\"dr-nihat-tanfer1\" \/><\/div><div class=\"team-infobox\"><div class=\"team_title\"><div class=\"team_title_wrapper\"><h3 class=\"team_title__text\">Dr. Nihat Tanfer<\/h3><\/div><\/div><\/div><div class=\"team_item_hover\"><div class=\"team_title\"><div class=\"team_title_wrapper\"><h3 class=\"team_title__text\">Dr. Nihat Tanfer<\/h3><\/div><\/div><\/div><\/div><\/div><\/li><li class=\"item-team-member dis-hekimi\"><div class=\"item_wrapper\"><div class=\"item\"><div class=\"team_img featured_img\"><img decoding=\"async\" src=\"https:\/\/tanferklinik.com\/it\/wp-content\/uploads\/2020\/04\/dr-cemile-yavuz-erdemir1-1600x1600.jpg\" srcset=\"https:\/\/tanferklinik.com\/it\/wp-content\/uploads\/2020\/04\/dr-cemile-yavuz-erdemir1-1920x1920.jpg 1920w,  https:\/\/tanferklinik.com\/it\/wp-content\/uploads\/2020\/04\/dr-cemile-yavuz-erdemir1-1600x1600.jpg 1600w,  https:\/\/tanferklinik.com\/it\/wp-content\/uploads\/2020\/04\/dr-cemile-yavuz-erdemir1-1200x1200.jpg 1200w,  https:\/\/tanferklinik.com\/it\/wp-content\/uploads\/2020\/04\/dr-cemile-yavuz-erdemir1-992x992.jpg 992w,  https:\/\/tanferklinik.com\/it\/wp-content\/uploads\/2020\/04\/dr-cemile-yavuz-erdemir1-768x768.jpg 768w,  https:\/\/tanferklinik.com\/it\/wp-content\/uploads\/2020\/04\/dr-cemile-yavuz-erdemir1-600x600.jpg 600w, https:\/\/tanferklinik.com\/it\/wp-content\/uploads\/2020\/04\/dr-cemile-yavuz-erdemir1-420x420.jpg 420w\" sizes=\"(min-width: 1600px) 1920px, (min-width: 1200px) 1600px, (min-width: 992px) 1200px, (min-width: 768px) 992px, (min-width: 600px) 768px, (min-width: 420px) 600px, (max-width: 600px) 420px\" title=\"dr-cemile-yavuz-erdemir1\" alt=\"dr-cemile-yavuz-erdemir1\" \/><\/div><div class=\"team-infobox\"><div class=\"team_title\"><div class=\"team_title_wrapper\"><h3 class=\"team_title__text\">Dt. Cemile Y. ERDEM\u0130R<\/h3><\/div><\/div><\/div><div class=\"team_item_hover\"><div class=\"team_title\"><div class=\"team_title_wrapper\"><h3 class=\"team_title__text\">Dt. Cemile Y. ERDEM\u0130R<\/h3><\/div><\/div><\/div><\/div><\/div><\/li><li class=\"item-team-member dis-hekimi\"><div class=\"item_wrapper\"><div class=\"item\"><div class=\"team_img featured_img\"><img decoding=\"async\" src=\"https:\/\/tanferklinik.com\/it\/wp-content\/uploads\/2020\/06\/dt-zeynep-yilmaz-1-1600x1600.jpg\" srcset=\"https:\/\/tanferklinik.com\/it\/wp-content\/uploads\/2020\/06\/dt-zeynep-yilmaz-1-1920x1920.jpg 1920w,  https:\/\/tanferklinik.com\/it\/wp-content\/uploads\/2020\/06\/dt-zeynep-yilmaz-1-1600x1600.jpg 1600w,  https:\/\/tanferklinik.com\/it\/wp-content\/uploads\/2020\/06\/dt-zeynep-yilmaz-1-1200x1200.jpg 1200w,  https:\/\/tanferklinik.com\/it\/wp-content\/uploads\/2020\/06\/dt-zeynep-yilmaz-1-992x992.jpg 992w,  https:\/\/tanferklinik.com\/it\/wp-content\/uploads\/2020\/06\/dt-zeynep-yilmaz-1-768x768.jpg 768w,  https:\/\/tanferklinik.com\/it\/wp-content\/uploads\/2020\/06\/dt-zeynep-yilmaz-1-600x600.jpg 600w, https:\/\/tanferklinik.com\/it\/wp-content\/uploads\/2020\/06\/dt-zeynep-yilmaz-1-420x420.jpg 420w\" sizes=\"(min-width: 1600px) 1920px, (min-width: 1200px) 1600px, (min-width: 992px) 1200px, (min-width: 768px) 992px, (min-width: 600px) 768px, (min-width: 420px) 600px, (max-width: 600px) 420px\" title=\"dt-zeynep-yilmaz-1\" alt=\"dt-zeynep-yilmaz-1\" \/><\/div><div class=\"team-infobox\"><div class=\"team_title\"><div class=\"team_title_wrapper\"><h3 class=\"team_title__text\">Dt. Zeynep Y\u0131lmaz<\/h3><\/div><\/div><\/div><div class=\"team_item_hover\"><div class=\"team_title\"><div class=\"team_title_wrapper\"><h3 class=\"team_title__text\">Dt. Zeynep Y\u0131lmaz<\/h3><\/div><\/div><\/div><\/div><\/div><\/li>\t\t\t\t<\/ul>\n\t\t\t\t<div class=\"clear\"><\/div>\n\t\t\t<\/div>\n\t\t<\/div>\n\t<\/div>\n\t\t<\/div>\n\t\t\t\t<\/div>\n\t\t\t\t\t\t<\/div>\n\t\t\t<\/div>\n\t\t<\/div>\n\t\t\t\t\t\t<\/div>\n\t\t\t<\/div>\n\t\t<\/section>\n\t\t\t\t<section class=\"elementor-element elementor-element-153b14d elementor-section-boxed elementor-section-height-default elementor-section-height-default elementor-section elementor-inner-section\" data-id=\"153b14d\" data-element_type=\"section\" data-settings=\"{&quot;background_background&quot;:&quot;classic&quot;}\">\n\t\t\t\t\t\t<div class=\"elementor-container elementor-column-gap-no\">\n\t\t\t\t<div class=\"elementor-row\">\n\t\t\t\t<div class=\"elementor-element elementor-element-bedb6c7 elementor-column elementor-col-100 elementor-inner-column\" data-id=\"bedb6c7\" data-element_type=\"column\">\n\t\t\t<div class=\"elementor-column-wrap  elementor-element-populated\">\n\t\t\t\t\t<div class=\"elementor-widget-wrap\">\n\t\t\t\t<div class=\"elementor-element-custom_font_size elementor-element-custom_font_weight elementor-element-custom_color elementor-element elementor-element-5ed73de elementor-widget elementor-widget-text-editor\" data-id=\"5ed73de\" data-element_type=\"widget\" data-widget_type=\"text-editor.default\">\n\t\t\t\t<div class=\"elementor-widget-container\">\n\t\t\t\t\t<div class=\"elementor-text-editor elementor-clearfix\"><h2>Ottenere \u0131nformaz\u0131on\u0131<\/h2><\/div>\n\t\t\t\t<\/div>\n\t\t\t\t<\/div>\n\t\t\t\t<div class=\"elementor-element elementor-element-86c026c elementor-widget elementor-widget-shortcode\" data-id=\"86c026c\" data-element_type=\"widget\" data-widget_type=\"shortcode.default\">\n\t\t\t\t<div class=\"elementor-widget-container\">\n\t\t\t\t\t<div class=\"elementor-shortcode\">\n<div class=\"wpcf7 no-js\" id=\"wpcf7-f5-o1\" lang=\"tr-TR\" dir=\"ltr\">\n<div class=\"screen-reader-response\"><p role=\"status\" aria-live=\"polite\" aria-atomic=\"true\"><\/p> <ul><\/ul><\/div>\n<form action=\"\/it\/wp-json\/wp\/v2\/pages\/2780#wpcf7-f5-o1\" method=\"post\" class=\"wpcf7-form init\" aria-label=\"Contact form\" novalidate=\"novalidate\" data-status=\"init\">\n<div style=\"display: none;\">\n<input type=\"hidden\" name=\"_wpcf7\" value=\"5\" \/>\n<input type=\"hidden\" name=\"_wpcf7_version\" value=\"5.7.3\" \/>\n<input type=\"hidden\" name=\"_wpcf7_locale\" value=\"tr_TR\" \/>\n<input type=\"hidden\" name=\"_wpcf7_unit_tag\" value=\"wpcf7-f5-o1\" \/>\n<input type=\"hidden\" name=\"_wpcf7_container_post\" value=\"0\" \/>\n<input type=\"hidden\" name=\"_wpcf7_posted_data_hash\" value=\"\" \/>\n<\/div>\n<p><label> Nome<br \/>\n<span class=\"wpcf7-form-control-wrap\" data-name=\"adi\"><input size=\"40\" class=\"wpcf7-form-control wpcf7-text wpcf7-validates-as-required\" aria-required=\"true\" aria-invalid=\"false\" value=\"\" type=\"text\" name=\"adi\" \/><\/span> <\/label>\n<\/p>\n<p><label> Posta<br \/>\n<span class=\"wpcf7-form-control-wrap\" data-name=\"mail\"><input size=\"40\" class=\"wpcf7-form-control wpcf7-text wpcf7-email wpcf7-validates-as-required wpcf7-validates-as-email\" aria-required=\"true\" aria-invalid=\"false\" value=\"\" type=\"email\" name=\"mail\" \/><\/span> <\/label>\n<\/p>\n<p><label> Telefono<br \/>\n<span class=\"wpcf7-form-control-wrap\" data-name=\"phone\"><input size=\"40\" class=\"wpcf7-form-control wpcf7-text wpcf7-validates-as-required\" aria-required=\"true\" aria-invalid=\"false\" value=\"\" type=\"text\" name=\"phone\" \/><\/span> <\/label>\n<\/p>\n<p><label> Oggetto<br \/>\n<span class=\"wpcf7-form-control-wrap\" data-name=\"konu\"><input size=\"40\" class=\"wpcf7-form-control wpcf7-text\" aria-invalid=\"false\" value=\"\" type=\"text\" name=\"konu\" \/><\/span> <\/label>\n<\/p>\n<p><label> Il vostro messaggio<br \/>\n<span class=\"wpcf7-form-control-wrap\" data-name=\"mesaj\"><textarea cols=\"40\" rows=\"10\" class=\"wpcf7-form-control wpcf7-textarea\" aria-invalid=\"false\" name=\"mesaj\"><\/textarea><\/span> <\/label>\n<\/p>\n<p><input class=\"wpcf7-form-control has-spinner wpcf7-submit\" type=\"submit\" value=\"Inviare\" \/>\n<\/p><div class=\"wpcf7-response-output\" aria-hidden=\"true\"><\/div>\n<\/form>\n<\/div>\n<\/div>\n\t\t\t\t<\/div>\n\t\t\t\t<\/div>\n\t\t\t\t\t\t<\/div>\n\t\t\t<\/div>\n\t\t<\/div>\n\t\t\t\t\t\t<\/div>\n\t\t\t<\/div>\n\t\t<\/section>\n\t\t\t\t<section class=\"elementor-element elementor-element-60cb277 elementor-hidden-tablet elementor-hidden-phone elementor-section-boxed elementor-section-height-default elementor-section-height-default elementor-section elementor-inner-section\" data-id=\"60cb277\" data-element_type=\"section\" data-settings=\"{&quot;background_background&quot;:&quot;classic&quot;}\">\n\t\t\t\t\t\t<div class=\"elementor-container elementor-column-gap-no\">\n\t\t\t\t<div class=\"elementor-row\">\n\t\t\t\t<div class=\"elementor-element elementor-element-6a7be91 elementor-column elementor-col-100 elementor-inner-column\" data-id=\"6a7be91\" data-element_type=\"column\">\n\t\t\t<div class=\"elementor-column-wrap  elementor-element-populated\">\n\t\t\t\t\t<div class=\"elementor-widget-wrap\">\n\t\t\t\t<div class=\"elementor-element elementor-element-9837372 elementor-widget elementor-widget-sidebar\" data-id=\"9837372\" data-element_type=\"widget\" data-widget_type=\"sidebar.default\">\n\t\t\t\t<div class=\"elementor-widget-container\">\n\t\t\t<div id=\"text-5\" class=\"widget gt3_widget open widget_text\">\t\t\t<div class=\"textwidget\"><h2 style=\"color: #244292; font-size: 23px; margin-top: 15px; margin-bottom: 15px;\">SERVIZI<\/h2>\n<p><a style=\"color: #fff; line-height: 31px; font-weight: 600; letter-spacing: 1.7px;\" href=\"https:\/\/tanferklinik.com\/it\/sollevamento-dei-seni-paranasali\">SOLLEVAMENTO DEL SENO<\/a><br \/>\n<a style=\"color: #fff; line-height: 31px; font-size: 13px; font-weight: 600; letter-spacing: 1.7px;\" href=\"https:\/\/tanferklinik.com\/it\/corona-e-ponte-fissi\">CORONA E PONTE FISSI<\/a><br \/>\n<a style=\"color: #fff; line-height: 31px; font-size: 13px; font-weight: 600; letter-spacing: 1.7px;\" href=\"https:\/\/tanferklinik.com\/it\/innesto-osseo\">INNESTO OSSEO<\/a><br \/>\n<a style=\"color: #fff; line-height: 31px; font-size: 13px; font-weight: 600; letter-spacing: 1.7px;\" href=\"https:\/\/tanferklinik.com\/it\/trattamento-canalare\">TRATTAMENTO CANALARE<\/a><br \/>\n<a style=\"color: #fff; line-height: 31px; font-size: 13px; font-weight: 600; letter-spacing: 1.7px;\" href=\"https:\/\/tanferklinik.com\/it\/cosa-sono-le-protesi-totali-mobili\">COSA SONO LE PROTESI TOTALI MOBILI?<\/a><br \/>\n<a style=\"color: #fff; line-height: 31px; font-size: 13px; font-weight: 600; letter-spacing: 1.7px;\" href=\"https:\/\/tanferklinik.com\/it\/dente-impattato\">DENTE IMPATTATO<\/a><br \/>\n<a style=\"color: #fff; line-height: 31px; font-size: 13px; font-weight: 600; letter-spacing: 1.7px;\" href=\"https:\/\/tanferklinik.com\/it\/odontoiatria-conservativa\">ODONTOIATRIA CONSERVATIVA<\/a><br \/>\n<a style=\"color: #fff; line-height: 31px; font-size: 13px; font-weight: 600; letter-spacing: 1.7px;\" href=\"https:\/\/tanferklinik.com\/it\/ortodonzia\">ORTODONZIA<\/a><br \/>\n<a style=\"color: #fff; line-height: 31px; font-size: 13px; font-weight: 600; letter-spacing: 1.7px;\" href=\"https:\/\/tanferklinik.com\/it\/tartaro\">TARTARO<\/a><br \/>\n<a style=\"color: #fff; line-height: 31px; font-size: 13px; font-weight: 600; letter-spacing: 1.7px;\" href=\"https:\/\/tanferklinik.com\/it\/estetica-dentale\">ESTETICA DENTALE<\/a><br \/>\n<a style=\"color: #fff; line-height: 31px; font-size: 13px; font-weight: 600; letter-spacing: 1.7px;\" href=\"https:\/\/tanferklinik.com\/it\/estrazione-del-dente\">ESTRAZIONE DEL DENTE<\/a><br \/>\n<a style=\"color: #fff; line-height: 31px; font-size: 13px; font-weight: 600; letter-spacing: 1.7px;\" href=\"https:\/\/tanferklinik.com\/it\/protesi-parziali\">PROTESI PARZIALI<\/a><br \/>\n<a style=\"color: #fff; line-height: 31px; font-size: 13px; font-weight: 600; letter-spacing: 1.7px;\" href=\"https:\/\/tanferklinik.com\/it\/tecnica-all-on-four\">TECNICA ALL ON FOUR<\/a><br \/>\n<a style=\"color: #fff; line-height: 31px; font-size: 13px; font-weight: 600; letter-spacing: 1.7px;\" href=\"https:\/\/tanferklinik.com\/it\/cisti-nella-mascella\">CISTI NELLA MASCELLA<\/a><br \/>\n<a style=\"color: #fff; line-height: 31px; font-size: 13px; font-weight: 600; letter-spacing: 1.7px;\" href=\"https:\/\/tanferklinik.com\/it\/impianto\">IMPIANTO<\/a><br \/>\n<a style=\"color: #fff; line-height: 31px; font-size: 13px; font-weight: 600; letter-spacing: 1.7px;\" href=\"https:\/\/tanferklinik.com\/it\/box-tecnico\">BOX TECNICO<\/a><br \/>\n<a style=\"color: #fff; line-height: 31px; font-size: 13px; font-weight: 600; letter-spacing: 1.7px;\" href=\"https:\/\/tanferklinik.com\/it\/estetica-dentale-in-un-giorno-con-la-tecnica-cerec\">ESTETICA DENTALE IN UN GIORNO CON LA TECNICA CEREC<br \/>\n<\/a><\/p>\n<\/div>\n\t\t<\/div>\t\t<\/div>\n\t\t\t\t<\/div>\n\t\t\t\t\t\t<\/div>\n\t\t\t<\/div>\n\t\t<\/div>\n\t\t\t\t\t\t<\/div>\n\t\t\t<\/div>\n\t\t<\/section>\n\t\t\t\t\t\t<\/div>\n\t\t\t<\/div>\n\t\t<\/div>\n\t\t\t\t<div class=\"elementor-element elementor-element-e3593b7 elementor-column elementor-col-50 elementor-top-column\" data-id=\"e3593b7\" data-element_type=\"column\">\n\t\t\t<div class=\"elementor-column-wrap  elementor-element-populated\">\n\t\t\t\t\t<div class=\"elementor-widget-wrap\">\n\t\t\t\t<div class=\"elementor-element elementor-element-39d89ad elementor-widget elementor-widget-spacer\" data-id=\"39d89ad\" data-element_type=\"widget\" data-widget_type=\"spacer.default\">\n\t\t\t\t<div class=\"elementor-widget-container\">\n\t\t\t\t\t<div class=\"elementor-spacer\">\n\t\t\t<div class=\"elementor-spacer-inner\"><\/div>\n\t\t<\/div>\n\t\t\t\t<\/div>\n\t\t\t\t<\/div>\n\t\t\t\t<div class=\"elementor-element-custom_font_size elementor-element-custom_font_size_mobile elementor-element-custom_line_height elementor-element-custom_font_weight elementor-element elementor-element-359353d elementor-widget elementor-widget-text-editor\" data-id=\"359353d\" data-element_type=\"widget\" data-widget_type=\"text-editor.default\">\n\t\t\t\t<div class=\"elementor-widget-container\">\n\t\t\t\t\t<div class=\"elementor-text-editor elementor-clearfix\"><h1 class=\"thsn-tbar-title\">Imp\u0131anto<\/h1><\/div>\n\t\t\t\t<\/div>\n\t\t\t\t<\/div>\n\t\t\t\t<section class=\"elementor-element elementor-element-7999eee elementor-section-boxed elementor-section-height-default elementor-section-height-default elementor-section elementor-inner-section\" data-id=\"7999eee\" data-element_type=\"section\">\n\t\t\t\t\t\t<div class=\"elementor-container elementor-column-gap-default\">\n\t\t\t\t<div class=\"elementor-row\">\n\t\t\t\t<div class=\"elementor-element elementor-element-9b6bd3a elementor-column elementor-col-100 elementor-inner-column\" data-id=\"9b6bd3a\" data-element_type=\"column\">\n\t\t\t<div class=\"elementor-column-wrap  elementor-element-populated\">\n\t\t\t\t\t<div class=\"elementor-widget-wrap\">\n\t\t\t\t<div class=\"elementor-element elementor-element-64f7d7b elementor-widget elementor-widget-spacer\" data-id=\"64f7d7b\" data-element_type=\"widget\" data-widget_type=\"spacer.default\">\n\t\t\t\t<div class=\"elementor-widget-container\">\n\t\t\t\t\t<div class=\"elementor-spacer\">\n\t\t\t<div class=\"elementor-spacer-inner\"><\/div>\n\t\t<\/div>\n\t\t\t\t<\/div>\n\t\t\t\t<\/div>\n\t\t\t\t<div class=\"elementor-element elementor-element-32865ee elementor-widget elementor-widget-text-editor\" data-id=\"32865ee\" data-element_type=\"widget\" data-widget_type=\"text-editor.default\">\n\t\t\t\t<div class=\"elementor-widget-container\">\n\t\t\t\t\t<div class=\"elementor-text-editor elementor-clearfix\"><p class=\"\" data-start=\"103\" data-end=\"586\">Gli impianti prevengono la perdita ossea. Questo significa: Normalmente, quando uno dei tuoi denti viene estratto, si verifica una riassorbimento del tessuto osseo nella zona del dente estratto. Questo \u00e8 un riassorbimento fisico indesiderato. Se l&#8217;impianto viene eseguito il prima possibile dopo l&#8217;estrazione del dente, non si verificher\u00e0 alcuna perdita ossea. Di conseguenza, non ci sar\u00e0 recessione gengivale in questa zona e ti permetter\u00e0 di ottenere il miglior risultato estetico.<\/p><p class=\"\" data-start=\"588\" data-end=\"701\">Non c&#8217;\u00e8 altra scelta che eseguire gli impianti per proteggere la quantit\u00e0 di osso nella zona del dente estratto.<\/p><p class=\"\" data-start=\"703\" data-end=\"1032\">Una delle caratteristiche pi\u00f9 preziose degli impianti \u00e8 che non \u00e8 necessario effettuare alcuna operazione o procedura sui denti adiacenti. Normalmente, i denti adiacenti devono essere tagliati durante il trattamento con ponte fisso. Gli impianti vengono eseguiti solo per gli spazi vuoti e i 2 denti laterali non vengono toccati.<\/p><p class=\"\" data-start=\"1034\" data-end=\"1254\">L&#8217;impianto ti offre la possibilit\u00e0 di ottenere l&#8217;immagine pi\u00f9 naturale. Puoi usare l&#8217;impianto come se fosse il tuo dente mentre mangi. E naturalmente, riacquisterai la fiducia in te stesso che avevi perso quando sorridi.<\/p><p class=\"\" data-start=\"1256\" data-end=\"1321\">Sarai felice di fare l&#8217;intervento di impianto dentale a Istanbul.<\/p><h3 class=\"\" data-start=\"1323\" data-end=\"1380\">Gli impianti possono essere applicati a tutte le et\u00e0?<\/h3><p class=\"\" data-start=\"1382\" data-end=\"1886\">Gli impianti possono essere applicati a tutti coloro che hanno completato lo sviluppo osseo. Lo sviluppo osseo \u00e8 terminato per le donne a 15-16 anni e per gli uomini a 17-18 anni. Non c&#8217;\u00e8 alcun limite di et\u00e0, possono essere applicati con successo a chiunque abbia una buona condizione di salute. In particolare, le persone anziane devono essere trattate maggiormente con impianti, poich\u00e9 sono soggette a problemi con la tenuta della dentiera. Gli impianti sono quindi preferiti pi\u00f9 dalle persone anziane.<\/p><p class=\"\" data-start=\"1888\" data-end=\"2195\">Il trattamento con impianti \u00e8 suddiviso in due fasi: la fase chirurgica e la fase della sovrastruttura. \u00c8 necessario aspettare un po&#8217; di tempo dopo l&#8217;inserimento. Questo tempo di attesa, chiamato &#8220;osteointegrazione&#8221;, \u00e8 il tempo necessario affinch\u00e9 l&#8217;impianto si integri biologicamente con l&#8217;osso mascellare.<\/p><h3 class=\"\" data-start=\"2197\" data-end=\"2249\">Quali sono le fasi del trattamento con impianto?<\/h3><p class=\"\" data-start=\"2251\" data-end=\"2396\">La produzione della corona in porcellana, che \u00e8 la seconda fase dopo il tempo di attesa per gli impianti, pu\u00f2 essere completata in una settimana.<\/p><h3 class=\"\" data-start=\"2398\" data-end=\"2438\">Ci sar\u00e0 dolore durante l&#8217;operazione?<\/h3><p class=\"\" data-start=\"2440\" data-end=\"2773\">Gli impianti dentali vengono inseriti nell&#8217;osso mascellare del paziente con interventi chirurgici realizzati con anestesia locale in 5-10 minuti per impianto, senza che il paziente venga messo a dormire. L&#8217;anestesia locale, che viene applicata per una semplice otturazione, sar\u00e0 effettuata. L&#8217;operazione \u00e8 COMPLETAMENTE SENZA DOLORE.<\/p><h3 class=\"\" data-start=\"2775\" data-end=\"2810\">Qual \u00e8 la durata dell&#8217;impianto?<\/h3><p class=\"\" data-start=\"2812\" data-end=\"3161\">Non si pu\u00f2 esprimere con specifici anni la durata di un impianto in condizioni adeguate. La durata di un impianto pu\u00f2 essere considerata a vita se pianificato correttamente, l&#8217;impianto viene inserito nell&#8217;osso mascellare con una buona tecnica e viene realizzata una corretta dentiera, e le cure del paziente e i controlli dal dentista sono regolari.<\/p><h3 class=\"\" data-start=\"3163\" data-end=\"3198\">Tasso di Successo dell\u2019Impianto<\/h3><p class=\"\" data-start=\"3200\" data-end=\"3629\">Il tasso di successo degli impianti \u00e8 del 98% grazie agli importanti sviluppi recentemente eseguiti nel campo tecnico e materiale. Prima di tutto, \u00e8 necessario fare una diagnosi corretta e realizzare la corretta sovrastruttura chirurgica dal dentista per ottenere un risultato di successo nell&#8217;applicazione degli impianti. La pulizia e la cura degli impianti devono essere eseguite correttamente dai pazienti dopo il trattamento.<\/p><h3 class=\"\" data-start=\"3631\" data-end=\"3659\">Impianti di Alta Qualit\u00e0<\/h3><p class=\"\" data-start=\"3661\" data-end=\"3760\">Utilizziamo impianti di alta qualit\u00e0 nel nostro studio, realizzati in titanio puro di alta qualit\u00e0:<\/p><ul data-start=\"3762\" data-end=\"3820\"><li data-start=\"3762\" data-end=\"3779\">Bego (Germania)<\/li><li data-start=\"3780\" data-end=\"3795\">Hiossen (USA)<\/li><li data-start=\"3796\" data-end=\"3820\">Osstem (Corea del Sud)<\/li><\/ul><p class=\"\" data-start=\"3822\" data-end=\"3980\">I nostri impianti possono essere utilizzati efficacemente anche nelle zone con minor quantit\u00e0 di osso, grazie alla loro compatibilit\u00e0 biologica con i tessuti.<\/p><p class=\"\" data-start=\"3982\" data-end=\"4100\">I nostri impianti, sterilizzati tramite radiazioni gamma, sono disponibili in diverse scelte di lunghezza e larghezza.<\/p><p class=\"\" data-start=\"4102\" data-end=\"4279\">I nostri impianti sono progettati dal DR. NIHAT TANFER per essere utilizzati esclusivamente per le operazioni di &#8220;BOX TECHNIQUE&#8221; e per i casi di insufficienza ossea mandibolare.<\/p><\/div>\n\t\t\t\t<\/div>\n\t\t\t\t<\/div>\n\t\t\t\t\t\t<\/div>\n\t\t\t<\/div>\n\t\t<\/div>\n\t\t\t\t\t\t<\/div>\n\t\t\t<\/div>\n\t\t<\/section>\n\t\t\t\t<div class=\"elementor-element elementor-element-0afeec5 elementor-widget elementor-widget-spacer\" data-id=\"0afeec5\" data-element_type=\"widget\" data-widget_type=\"spacer.default\">\n\t\t\t\t<div class=\"elementor-widget-container\">\n\t\t\t\t\t<div class=\"elementor-spacer\">\n\t\t\t<div class=\"elementor-spacer-inner\"><\/div>\n\t\t<\/div>\n\t\t\t\t<\/div>\n\t\t\t\t<\/div>\n\t\t\t\t\t\t<\/div>\n\t\t\t<\/div>\n\t\t<\/div>\n\t\t\t\t\t\t<\/div>\n\t\t\t<\/div>\n\t\t<\/section>\n\t\t\t\t\t\t<\/div>\n\t\t\t<\/div>\n\t\t<\/div>","protected":false},"excerpt":{"rendered":"<p>Dr. Nihat Tanfer Dr. Nihat Tanfer Dt. Cemile Y. ERDEM\u0130R Dt. Cemile Y. ERDEM\u0130R Dt. Zeynep Y\u0131lmaz Dt. Zeynep Y\u0131lmaz Ottenere \u0131nformaz\u0131on\u0131 Imp\u0131anto Gli impianti prevengono la perdita ossea. Questo significa: Normalmente, quando uno dei tuoi denti viene estratto, si verifica una riassorbimento del tessuto osseo nella zona del dente estratto. Questo \u00e8 un riassorbimento [&hellip;]<\/p>","protected":false},"author":1,"featured_media":0,"parent":0,"menu_order":65,"comment_status":"closed","ping_status":"closed","template":"","meta":[],"aioseo_notices":[],"_links":{"self":[{"href":"https:\/\/tanferklinik.com\/it\/wp-json\/wp\/v2\/pages\/2780"}],"collection":[{"href":"https:\/\/tanferklinik.com\/it\/wp-json\/wp\/v2\/pages"}],"about":[{"href":"https:\/\/tanferklinik.com\/it\/wp-json\/wp\/v2\/types\/page"}],"author":[{"embeddable":true,"href":"https:\/\/tanferklinik.com\/it\/wp-json\/wp\/v2\/users\/1"}],"replies":[{"embeddable":true,"href":"https:\/\/tanferklinik.com\/it\/wp-json\/wp\/v2\/comments?post=2780"}],"version-history":[{"count":14,"href":"https:\/\/tanferklinik.com\/it\/wp-json\/wp\/v2\/pages\/2780\/revisions"}],"predecessor-version":[{"id":3602,"href":"https:\/\/tanferklinik.com\/it\/wp-json\/wp\/v2\/pages\/2780\/revisions\/3602"}],"wp:attachment":[{"href":"https:\/\/tanferklinik.com\/it\/wp-json\/wp\/v2\/media?parent=2780"}],"curies":[{"name":"wp","href":"https:\/\/api.w.org\/{rel}","templated":true}]}}